{"id":884,"date":"2021-04-12T08:34:06","date_gmt":"2021-04-12T08:34:06","guid":{"rendered":"https:\/\/www.seatoursistria.com\/?post_type=product&#038;p=884"},"modified":"2026-04-29T16:43:48","modified_gmt":"2026-04-29T16:43:48","slug":"izlet-z-ladjo-za-opazovanje-delfinov-ob-soncnem-zahodu-iz-fazane","status":"publish","type":"product","link":"https:\/\/www.seatoursistria.com\/sl\/tour\/sunset-dolphin-watching-tour-from-fazana\/","title":{"rendered":"Ve\u010derni izlet z opazovanjem delfinov iz Fa\u017eane"},"content":{"rendered":"<p>Ta turisti\u010dni izlet ob son\u010dnem zahodu z delfini je idealen za vse, ki ljubite naravo in romanti\u010dne son\u010dne zahode. \u010cudovita pokrajina in prijazni delfini bodo popestrili va\u0161e po\u010ditnice.<\/p>\n<p>Nedotnjena narava, vse odtenke modre, romanti\u010dni son\u010dni zahodi in zvoki narave, zbrani skupaj pripovedujejo eno posebno zgodbo, ki jo boste z navdu\u0161enjem poslu\u0161ali in gledali.<\/p>\n<p>Vse va\u0161e skrbi v zvezi s potovanjem bodo izginile s pomo\u010djo na\u0161ega prijaznega in strokovnega osebja. Zagotovili vam bodo vse potrebne informacije, da se boste lahko popolnoma sprostili in u\u017eivali v \u010dudovitem dnevu.<\/p>\n<p>Poleg prijateljev ali dru\u017eine lahko na potovanje vzamete tudi svoje ljubke hi\u0161ne ljubljen\u010dke, saj si tudi oni zaslu\u017eijo u\u017eivati v nedotaknjeni istrski naravi.<\/p>\n<p>Zagotavljamo popolnoma neverjetno pustolov\u0161\u010dino, ki jo bodo vzljubili vsi, mladi in stari! Prav tako lahko zagotovimo zelo prijazno in anga\u017eirano posadko pri iskanju ne samo ene, ampak skupine delfinov.<\/p>\n<p>&nbsp;<\/p>\n<h2><b>Podrobnosti o izletu za opazovanje delfinov:<\/b><\/h2>\n<p>Odhod je iz pristani\u0161\u010da Fa\u017eana, od koder plujemo proti bistrim vodam Nacionalnega parka Brijuni in obi\u0161\u010demo 14 \u010dudovitih otokov ob obali.<\/p>\n<p>Po bo\u017eanskih Brionih se odpravimo na \u201clov\u201d na kralje morja, \u010darobne delfine.<\/p>\n<p>Ura u\u017eivanja na odprtem morju s \u010dudovitim razgledom na romanti\u010dni son\u010dni zahod in elegantne, ple\u0161o\u010de delfine.<br \/>\nPo nepozabni izku\u0161nji se vrnemo v Fa\u017eano, od koder smo za\u010deli. \u010ce boste imeli malo sre\u010de, boste na poti nazaj lahko na enem izmed otokov opazili lepe, elegantne srne.<\/p>\n<p>&nbsp;<\/p>\n<h2><b>Kaj je vklju\u010deno v ceno?<\/b><\/h2>\n<ul>\n<li>potaplja\u0161ke maske,<\/li>\n<li>petrol<\/li>\n<li>skipper-vodnik<\/li>\n<\/ul>\n<p>&nbsp;<\/p>","protected":false},"excerpt":{"rendered":"<p>Z na\u0161o opazovalno turo z delfini ob son\u010dnem zahodu iz Fa\u017eane se potopite v romanti\u010dne son\u010dne zahode, medtem ko delfini plavajo okoli \u010dolna. Po svojih najbolj\u0161ih mo\u010deh vam nudimo najbolj \u010dudovito pustolov\u0161\u010dino, in kaj je bolj\u0161ega kot pluti s delfini? Va\u0161i prijatelji in dru\u017eina ne bodo nikoli pozabili te ladijske ture z opazovanjem delfinov.<\/p>","protected":false},"featured_media":1869,"template":"","meta":{"_acf_changed":false},"product_cat":[27,26],"product_tag":[],"class_list":{"0":"post-884","1":"product","2":"type-product","3":"status-publish","4":"has-post-thumbnail","6":"product_cat-boat-tours","7":"product_cat-private-tours","9":"first","10":"instock","11":"sale","12":"featured","13":"virtual","14":"purchasable","15":"product-type-simple","swatches":"rey-swatches","show_selected":""},"acf":[],"_links":{"self":[{"href":"https:\/\/www.seatoursistria.com\/sl\/wp-json\/wp\/v2\/product\/884","targetHints":{"allow":["GET"]}}],"collection":[{"href":"https:\/\/www.seatoursistria.com\/sl\/wp-json\/wp\/v2\/product"}],"about":[{"href":"https:\/\/www.seatoursistria.com\/sl\/wp-json\/wp\/v2\/types\/product"}],"version-history":[{"count":5,"href":"https:\/\/www.seatoursistria.com\/sl\/wp-json\/wp\/v2\/product\/884\/revisions"}],"predecessor-version":[{"id":4717,"href":"https:\/\/www.seatoursistria.com\/sl\/wp-json\/wp\/v2\/product\/884\/revisions\/4717"}],"wp:featuredmedia":[{"embeddable":true,"href":"https:\/\/www.seatoursistria.com\/sl\/wp-json\/wp\/v2\/media\/1869"}],"wp:attachment":[{"href":"https:\/\/www.seatoursistria.com\/sl\/wp-json\/wp\/v2\/media?parent=884"}],"wp:term":[{"taxonomy":"product_cat","embeddable":true,"href":"https:\/\/www.seatoursistria.com\/sl\/wp-json\/wp\/v2\/product_cat?post=884"},{"taxonomy":"product_tag","embeddable":true,"href":"https:\/\/www.seatoursistria.com\/sl\/wp-json\/wp\/v2\/product_tag?post=884"}],"curies":[{"name":"wp","href":"https:\/\/api.w.org\/{rel}","templated":true}]}}