{"id":893,"date":"2021-04-12T09:44:12","date_gmt":"2021-04-12T09:44:12","guid":{"rendered":"https:\/\/www.seatoursistria.com\/?post_type=product&#038;p=893"},"modified":"2026-04-29T16:43:16","modified_gmt":"2026-04-29T16:43:16","slug":"lodny-vylet-taxi-st-jerolim","status":"publish","type":"product","link":"https:\/\/www.seatoursistria.com\/sk\/tour\/st-jerolim-taxi-boat-tour\/","title":{"rendered":"Prehliadka tax\u00edkom po rieke"},"content":{"rendered":"<p>Sveti Jerolim je jedn\u00fdm zo 14 kr\u00e1snych ostrovov N\u00e1rodn\u00e9ho parku Brijuni. Ostrov pokoja a oddychu, ide\u00e1lny na k\u00fapanie a pot\u00e1panie v kri\u0161t\u00e1\u013eovo \u010distom mori. Ide\u00e1lny na opa\u013eovanie na jednej z pl\u00e1\u017e\u00ed. Exkurzia tax\u00edkom k ostrovu Sveti Jerolim je v\u017edy najlep\u0161ou vo\u013ebou pre rodiny, mal\u00e9 skupiny priate\u013eov a p\u00e1ry.<\/p>\n<p>V\u010faka bohat\u00e9mu podmorsk\u00e9mu svetu je Sv\u00e4t\u00fd Jerolim zn\u00e1mou pot\u00e1pa\u010dskou a \u0161norchlovacou destin\u00e1ciou, preto nev\u00e1hajte a ponorte sa do hlb\u00edn \u010darovn\u00e9ho mora.<\/p>\n<p>Tento z\u00e1jazd si roky vol\u00ed naj\u010dastej\u0161ie, preto\u017ee je maxim\u00e1lne prisp\u00f4sobite\u013en\u00fd individu\u00e1lnym preferenci\u00e1m. Mo\u017enos\u0165 personaliz\u00e1cie je obzvl\u00e1\u0161\u0165 vhodn\u00e1 pre \u013eud\u00ed s rodinou a de\u0165mi, ke\u010f\u017ee neexistuje presn\u00fd \u010das odchodu, pr\u00edchodu ani d\u013a\u017eka v\u00fdletu, tak\u017ee ho m\u00f4\u017eeme prisp\u00f4sobi\u0165 \u00faplne.<\/p>\n<p>&nbsp;<\/p>\n<h2><b>Podrobnosti o v\u00fdlete lo\u010fou sv\u00e4t\u00e9ho Jeron\u00fdma:<br \/>\n<\/b><\/h2>\n<p>Odchod sa uskuto\u010dn\u00ed z pr\u00edstavu Fa\u017eana a preprava pasa\u017eierov na ostrov Sveti Jerolim bude r\u00fdchla, potrv\u00e1 len asi 10 min\u00fat. V\u010faka r\u00fdchlemu pr\u00edchodu do cie\u013ea je tento v\u00fdlet obzvl\u00e1\u0161\u0165 vhodn\u00fd pre t\u00fdch, ktor\u00ed sa boja mora alebo trpia nevo\u013enos\u0165ou.<\/p>\n<p>Po pr\u00edchode na ostrov v\u00e1s uchv\u00e1ti kri\u0161t\u00e1\u013eovo \u010dist\u00e9 more a nedotknut\u00e1 pr\u00edroda. Po nieko\u013ek\u00fdch hodin\u00e1ch \u00fapln\u00e9ho pokoja a vychutn\u00e1vania si v\u0161etk\u00fdch kr\u00e1s, ktor\u00e9 pon\u00faka, v\u00e1s vyzdvihne lo\u010f a vr\u00e1ti sa do pr\u00edstavu Fa\u017eana. Najzauj\u00edmavej\u0161ie a najpr\u00ednosnej\u0161ie na tomto v\u00fdlete je, \u017ee m\u00f4\u017eete zosta\u0165 cel\u00fd de\u0148, v z\u00e1vislosti od toho, ako sa dohodnete s na\u0161\u00edm mil\u00fdm person\u00e1lom.<\/p>\n<p>Z\u00e1\u017eitok zah\u0155\u0148a \u00fapln\u00e9 s\u00fakromie, preto\u017ee v\u0161etko je prisp\u00f4soben\u00e9 va\u0161im potreb\u00e1m.<\/p>\n<h4>Pozn\u00e1mky:<\/h4>\n<p>Vstupy na ostrovy N\u00e1rodn\u00e9ho parku nie s\u00fa zahrnut\u00e9 v cene tohto z\u00e1jazdu.<\/p>\n<p data-pm-slice=\"1 1 []\">Skontrolujte cenu tu: <a class=\"ProsemirrorEditor-link\" style=\"color: blue;\" href=\"https:\/\/www.seatoursistria.com\/sk\/cennik-narodneho-parku-brijuni\/\" target=\"_blank\" rel=\"noopener\">Cenn\u00edk Brijuni<\/a><\/p>\n<p>&nbsp;<\/p>\n<p>Obed a osvie\u017euj\u00face n\u00e1poje s\u00fa k dispoz\u00edcii v ne\u010falekom bare a re\u0161taur\u00e1cii na ostrove.<\/p>\n<p>&nbsp;<\/p>\n<h2><b>\u010co je zahrnut\u00e9 v cene?<\/b><\/h2>\n<ul>\n<li>pochutiny,<\/li>\n<li>pot\u00e1pa\u010dsk\u00e9 masky,<\/li>\n<li>benz\u00edn,<\/li>\n<li>kapit\u00e1n-sprievodca<\/li>\n<\/ul>\n<p>&nbsp;<\/p>","protected":false},"excerpt":{"rendered":"<p>V\u00fdlet lo\u010fou St. Jerolim z Fa\u017eany v\u00e1s zavedie na jedno z najlep\u0161\u00edch miest na k\u00fapanie a \u0161norchlovanie na juhu Istrie. Ostrov je bohat\u00fd na rozmanit\u00fa fl\u00f3ru a faunu, tak\u017ee sa ne\u010dudujte, ak cestou stretnete p\u00e1vy a osly. Okrem toho v\u00e1m bo\u017esk\u00e9 od\u013eahl\u00e9 pl\u00e1\u017ee dodaj\u00fa pocit pokoja a relaxu, ktor\u00e9mu sa ni\u010d nevyrovn\u00e1. Tento v\u00fdlet je skvelou vo\u013ebou pre rodiny, mal\u00e9 skupiny priate\u013eov a p\u00e1ry.<\/p>\n<p>&nbsp;<\/p>\n<p>&nbsp;<\/p>","protected":false},"featured_media":2477,"template":"","meta":{"_acf_changed":false},"product_cat":[27,26],"product_tag":[],"class_list":{"0":"post-893","1":"product","2":"type-product","3":"status-publish","4":"has-post-thumbnail","6":"product_cat-boat-tours","7":"product_cat-private-tours","9":"first","10":"instock","11":"featured","12":"virtual","13":"purchasable","14":"product-type-simple","swatches":"rey-swatches","show_selected":""},"acf":[],"_links":{"self":[{"href":"https:\/\/www.seatoursistria.com\/sk\/wp-json\/wp\/v2\/product\/893","targetHints":{"allow":["GET"]}}],"collection":[{"href":"https:\/\/www.seatoursistria.com\/sk\/wp-json\/wp\/v2\/product"}],"about":[{"href":"https:\/\/www.seatoursistria.com\/sk\/wp-json\/wp\/v2\/types\/product"}],"version-history":[{"count":5,"href":"https:\/\/www.seatoursistria.com\/sk\/wp-json\/wp\/v2\/product\/893\/revisions"}],"predecessor-version":[{"id":4716,"href":"https:\/\/www.seatoursistria.com\/sk\/wp-json\/wp\/v2\/product\/893\/revisions\/4716"}],"wp:featuredmedia":[{"embeddable":true,"href":"https:\/\/www.seatoursistria.com\/sk\/wp-json\/wp\/v2\/media\/2477"}],"wp:attachment":[{"href":"https:\/\/www.seatoursistria.com\/sk\/wp-json\/wp\/v2\/media?parent=893"}],"wp:term":[{"taxonomy":"product_cat","embeddable":true,"href":"https:\/\/www.seatoursistria.com\/sk\/wp-json\/wp\/v2\/product_cat?post=893"},{"taxonomy":"product_tag","embeddable":true,"href":"https:\/\/www.seatoursistria.com\/sk\/wp-json\/wp\/v2\/product_tag?post=893"}],"curies":[{"name":"wp","href":"https:\/\/api.w.org\/{rel}","templated":true}]}}