{"id":4350,"date":"2025-04-10T05:44:07","date_gmt":"2025-04-10T05:44:07","guid":{"rendered":"https:\/\/www.seatoursistria.com\/?post_type=product&#038;p=4350"},"modified":"2026-04-29T08:55:55","modified_gmt":"2026-04-29T08:55:55","slug":"kurz-kormidelnika-bazant","status":"publish","type":"product","link":"https:\/\/www.seatoursistria.com\/sk\/tour\/skipper-course-fazana\/","title":{"rendered":"Kurz lodivoda Fa\u017eana"},"content":{"rendered":"<p>Odchod je z pr\u00edstavu Fa\u017eana, kde sa \u00fa\u010dastn\u00edci najprv obozn\u00e1mia s \u010das\u0165ami lode a ich hlavn\u00fdmi funkciami. N\u00e1sledne sa nau\u010dia z\u00e1kladn\u00e9 uzly, ktor\u00e9 sa naj\u010dastej\u0161ie pou\u017e\u00edvaj\u00fa pri viazan\u00ed motorov\u00fdch \u010dlnov.<\/p>\n<p>Po teoretickej \u010dasti vypl\u00e1vame z pr\u00edstavu a \u00fa\u010dastn\u00edkom uk\u00e1\u017eeme, ako man\u00e9vrova\u0165 s lo\u010fou pri r\u00f4znych r\u00fdchlostiach a ako nastavi\u0165 n\u00e1klon motora pre optim\u00e1lnu jazdu. N\u00e1sledne ur\u010d\u00edme vhodn\u00e9 miesto na zakotvenie a spr\u00e1vne spust\u00edme kotvu. Plavba prebieha v okol\u00ed N\u00e1rodn\u00e9ho parku Brijuni, s kotven\u00edm na ostrove Kozada, ktor\u00fd je s\u00fa\u010das\u0165ou parku. To umo\u017en\u00ed \u00fa\u010dastn\u00edkom nielen z\u00edska\u0165 praktick\u00e9 vedomosti, ale aj vychutna\u0165 si pr\u00edrodn\u00e9 kr\u00e1sy s\u00faostrovia.<\/p>\n<p>Druh\u00e1 \u010das\u0165 kurzu zah\u0155\u0148a vstup a v\u00fdstup z pr\u00edstavu a pr\u00e1cu s n\u00e1morn\u00fdmi mapami, \u010do \u00fa\u010dastn\u00edkom umo\u017en\u00ed z\u00edska\u0165 v\u0161etky z\u00e1kladn\u00e9 vedomosti potrebn\u00e9 pre bezpe\u010dn\u00fa prev\u00e1dzku motorov\u00e9ho \u010dlna.<\/p>\n<p>Kurz je ur\u010den\u00fd v\u0161etk\u00fdm, ktor\u00ed nemaj\u00fa \u017eiadne sk\u00fasenosti s veden\u00edm lode a nevlastnia vodi\u010dsk\u00fd preukaz, ako aj v\u0161etk\u00fdm, ktor\u00ed ho pr\u00e1ve z\u00edskali a chc\u00fa si pred samostatnou jazdou zlep\u0161i\u0165 svoje vedomosti.<\/p>","protected":false},"excerpt":{"rendered":"<p>Kurz je ur\u010den\u00fd v\u0161etk\u00fdm, ktor\u00ed nemaj\u00fa \u017eiadne sk\u00fasenosti s veden\u00edm lode a nevlastnia vodi\u010dsk\u00fd preukaz, ako aj v\u0161etk\u00fdm, ktor\u00ed ho pr\u00e1ve z\u00edskali a chc\u00fa si pred samostatnou jazdou zlep\u0161i\u0165 svoje vedomosti.<\/p>","protected":false},"featured_media":4281,"template":"","meta":{"_acf_changed":false},"product_cat":[199],"product_tag":[],"class_list":{"0":"post-4350","1":"product","2":"type-product","3":"status-publish","4":"has-post-thumbnail","6":"product_cat-skipper-course","8":"first","9":"instock","10":"featured","11":"virtual","12":"purchasable","13":"product-type-simple","swatches":"rey-swatches","show_selected":""},"acf":[],"_links":{"self":[{"href":"https:\/\/www.seatoursistria.com\/sk\/wp-json\/wp\/v2\/product\/4350","targetHints":{"allow":["GET"]}}],"collection":[{"href":"https:\/\/www.seatoursistria.com\/sk\/wp-json\/wp\/v2\/product"}],"about":[{"href":"https:\/\/www.seatoursistria.com\/sk\/wp-json\/wp\/v2\/types\/product"}],"version-history":[{"count":9,"href":"https:\/\/www.seatoursistria.com\/sk\/wp-json\/wp\/v2\/product\/4350\/revisions"}],"predecessor-version":[{"id":4661,"href":"https:\/\/www.seatoursistria.com\/sk\/wp-json\/wp\/v2\/product\/4350\/revisions\/4661"}],"wp:featuredmedia":[{"embeddable":true,"href":"https:\/\/www.seatoursistria.com\/sk\/wp-json\/wp\/v2\/media\/4281"}],"wp:attachment":[{"href":"https:\/\/www.seatoursistria.com\/sk\/wp-json\/wp\/v2\/media?parent=4350"}],"wp:term":[{"taxonomy":"product_cat","embeddable":true,"href":"https:\/\/www.seatoursistria.com\/sk\/wp-json\/wp\/v2\/product_cat?post=4350"},{"taxonomy":"product_tag","embeddable":true,"href":"https:\/\/www.seatoursistria.com\/sk\/wp-json\/wp\/v2\/product_tag?post=4350"}],"curies":[{"name":"wp","href":"https:\/\/api.w.org\/{rel}","templated":true}]}}