{"id":884,"date":"2021-04-12T08:34:06","date_gmt":"2021-04-12T08:34:06","guid":{"rendered":"https:\/\/www.seatoursistria.com\/?post_type=product&#038;p=884"},"modified":"2026-04-29T16:43:48","modified_gmt":"2026-04-29T16:43:48","slug":"wycieczka-na-obserwacje-delfinow-zachodzacych-sloncem-z-fazany","status":"publish","type":"product","link":"https:\/\/www.seatoursistria.com\/pl\/tour\/sunset-dolphin-watching-tour-from-fazana\/","title":{"rendered":"Wycieczka na ogl\u0105danie delfin\u00f3w o zachodzie s\u0142o\u0144ca z Fa\u017eany"},"content":{"rendered":"<p>Ta wycieczka z delfinami o zachodzie s\u0142o\u0144ca jest idealna dla ka\u017cdego, kto kocha przyrod\u0119 i romantyczne zachody s\u0142o\u0144ca. Pi\u0119kne krajobrazy i przyjazne delfiny dodadz\u0105 rado\u015bci i ekscytacji Waszym wakacjom.<\/p>\n<p>Niewzruszona natura, wszystkie odcienie b\u0142\u0119kitu, romantyczne zachody s\u0142o\u0144ca i odg\u0142osy przyrody, zebrane razem, opowiadaj\u0105 jedn\u0105 wyj\u0105tkow\u0105 histori\u0119, kt\u00f3rej b\u0119dziesz z zapa\u0142em s\u0142ucha\u0107 i ogl\u0105da\u0107.<\/p>\n<p>Wszystkie Twoje obawy zwi\u0105zane z podr\u00f3\u017c\u0105 znikn\u0105 dzi\u0119ki naszej przyjaznej i profesjonalnej obs\u0142udze. Zapewni\u0105 Ci wszelkie niezb\u0119dne informacje, aby\u015b m\u00f3g\u0142 w pe\u0142ni si\u0119 zrelaksowa\u0107 i cieszy\u0107 wspania\u0142ym dniem.<\/p>\n<p>Opr\u00f3cz przyjaci\u00f3\u0142 i rodziny, mo\u017cesz zabra\u0107 w podr\u00f3\u017c ukochane zwierz\u0119ta, poniewa\u017c one r\u00f3wnie\u017c zas\u0142uguj\u0105 na to, by cieszy\u0107 si\u0119 dziewicz\u0105 istryjsk\u0105 przyrod\u0105.<\/p>\n<p>Gwarantujemy absolutnie niesamowit\u0105 przygod\u0119, w kt\u00f3rej zakochaj\u0105 si\u0119 wszyscy, mali i doro\u015bli! Ponadto mo\u017cemy zagwarantowa\u0107 bardzo pomocn\u0105 i zaanga\u017cowan\u0105 za\u0142og\u0119 w poszukiwaniu nie tylko jednego, ale grupy delfin\u00f3w.<\/p>\n<p>&nbsp;<\/p>\n<h2><b>Szczeg\u00f3\u0142y wycieczki obserwacji delfin\u00f3w:<\/b><\/h2>\n<p>Wyp\u0142yni\u0119cie z portu Fa\u017eana, sk\u0105d pop\u0142yniemy w kierunku krystalicznie czystych w\u00f3d Parku Narodowego Brijuni i odwiedzimy 14 pi\u0119knych wysp po\u0142o\u017conych wzd\u0142u\u017c wybrze\u017ca.<\/p>\n<p>Po boskich Brijunach wybieramy si\u0119 na \u201cpolowanie\u201d na kr\u00f3la m\u00f3rz, magiczne delfiny.<\/p>\n<p>Godzina podziwiania otwartego morza z pi\u0119knym widokiem na romantyczny zach\u00f3d s\u0142o\u0144ca i elegancko ta\u0144cz\u0105ce delfiny.<br \/>\nPo niezapomnianych prze\u017cyciach wracamy do Fa\u017eany, sk\u0105d wyruszyli\u015bmy. Przy odrobinie szcz\u0119\u015bcia, w drodze powrotnej mamy okazj\u0119 zobaczy\u0107 pi\u0119kne, eleganckie jelenie na jednej z wysp.<\/p>\n<p>&nbsp;<\/p>\n<h2><b>Co jest wliczone w cen\u0119?<\/b><\/h2>\n<ul>\n<li>maski do nurkowania,<\/li>\n<li>benzyna<\/li>\n<li>sternik-przewodnik<\/li>\n<\/ul>\n<p>&nbsp;<\/p>","protected":false},"excerpt":{"rendered":"<p>Z naszym rejsem \"Zach\u00f3d s\u0142o\u0144ca z delfinami\" z Fa\u017eany do\u015bwiadczysz romantycznych zachod\u00f3w s\u0142o\u0144ca, podczas gdy wok\u00f3\u0142 \u0142odzi b\u0119d\u0105 p\u0142ywa\u0107 delfiny. Dok\u0142adamy wszelkich stara\u0144, aby zapewni\u0107 Ci najbardziej niesamowit\u0105 przygod\u0119, a co mo\u017ce by\u0107 lepszego ni\u017c rejs z delfinami? Twoi przyjaciele i rodzina nigdy nie zapomn\u0105 tego rejsu \u0142odzi\u0105 po\u0142\u0105czonego z obserwacj\u0105 delfin\u00f3w.<\/p>","protected":false},"featured_media":1869,"template":"","meta":{"_acf_changed":false},"product_cat":[27,26],"product_tag":[],"class_list":{"0":"post-884","1":"product","2":"type-product","3":"status-publish","4":"has-post-thumbnail","6":"product_cat-boat-tours","7":"product_cat-private-tours","9":"first","10":"instock","11":"sale","12":"featured","13":"virtual","14":"purchasable","15":"product-type-simple","swatches":"rey-swatches","show_selected":""},"acf":[],"_links":{"self":[{"href":"https:\/\/www.seatoursistria.com\/pl\/wp-json\/wp\/v2\/product\/884","targetHints":{"allow":["GET"]}}],"collection":[{"href":"https:\/\/www.seatoursistria.com\/pl\/wp-json\/wp\/v2\/product"}],"about":[{"href":"https:\/\/www.seatoursistria.com\/pl\/wp-json\/wp\/v2\/types\/product"}],"version-history":[{"count":5,"href":"https:\/\/www.seatoursistria.com\/pl\/wp-json\/wp\/v2\/product\/884\/revisions"}],"predecessor-version":[{"id":4717,"href":"https:\/\/www.seatoursistria.com\/pl\/wp-json\/wp\/v2\/product\/884\/revisions\/4717"}],"wp:featuredmedia":[{"embeddable":true,"href":"https:\/\/www.seatoursistria.com\/pl\/wp-json\/wp\/v2\/media\/1869"}],"wp:attachment":[{"href":"https:\/\/www.seatoursistria.com\/pl\/wp-json\/wp\/v2\/media?parent=884"}],"wp:term":[{"taxonomy":"product_cat","embeddable":true,"href":"https:\/\/www.seatoursistria.com\/pl\/wp-json\/wp\/v2\/product_cat?post=884"},{"taxonomy":"product_tag","embeddable":true,"href":"https:\/\/www.seatoursistria.com\/pl\/wp-json\/wp\/v2\/product_tag?post=884"}],"curies":[{"name":"wp","href":"https:\/\/api.w.org\/{rel}","templated":true}]}}