{"id":892,"date":"2021-04-12T09:35:27","date_gmt":"2021-04-12T09:35:27","guid":{"rendered":"https:\/\/www.seatoursistria.com\/?post_type=product&#038;p=892"},"modified":"2026-04-29T16:42:03","modified_gmt":"2026-04-29T16:42:03","slug":"tour-privato-in-barca-a-capo-kamenjak","status":"publish","type":"product","link":"https:\/\/www.seatoursistria.com\/it\/tour\/cape-kamenjak-private-boat-tour\/","title":{"rendered":"Tour privato in barca a Capo Kamenjak"},"content":{"rendered":"<p>Il tour privato in barca a Capo Kamenjak \u00e8 davvero speciale perch\u00e9 ci adattiamo completamente alle tue esigenze e desideri. Ti mostreremo tutte le grotte nascoste e le spiagge appartate. Per gli amanti dell'adrenalina ci sono scogliere alte da 3 a 20 metri. Questo tour \u00e8 ideale per chiunque voglia provare qualcosa di nuovo e diverso in vacanza.<\/p>\n<p>Tutti sono i benvenuti, il tour \u00e8 pensato per famiglie, piccoli gruppi di amici e coppie. Questo tour include snorkeling nelle grotte e cliff jumping, ma anche momenti di relax al Safari bar. Questo bar \u00e8 interamente costruito a mano con materiali naturali. L'area attrezzata per bambini con scivoli, altalene e giostre, in legno, lo render\u00e0 un luogo perfetto per le famiglie.<\/p>\n<p>Scopri il fascino della splendida costa istriana con un tour in barca ricco di avventura e una bellezza naturale mozzafiato. Questo sar\u00e0 sicuramente il \u201cpunto forte\u201d della tua estate.<\/p>\n<p>&nbsp;<\/p>\n<h2><b>Dettagli tour privato in barca a Capo Kamenjak:<\/b><\/h2>\n<p>Il tuo tour inizier\u00e0 nel porto di Fasana, da dove navigheremo con una barca completamente attrezzata e lussuosa fino all'isola di Fra\u0161keri\u0107. L\u00ec ci fermeremo per un'ora e 15 minuti per nuotare e fare snorkeling nel cristallino mare Adriatico. Dopo il bagno, ci sposteremo verso Capo Kamenjak, un viaggio che dura circa 30 minuti. Il panorama costiero e la vista della Croazia meridionale offrono una prospettiva indimenticabile.<\/p>\n<p>Ancoreremo vicino a una grotta che nasconde tutta la bellezza del mare e 50 sfumature di blu. Potrete esplorare le grotte con lo snorkeling o nuotando. I pi\u00f9 coraggiosi amanti dell'adrenalina potranno anche cimentarsi nel cliff jumping, che regaler\u00e0 sicuramente un'esperienza indimenticabile.<\/p>\n<p>Avrai abbastanza tempo per un caff\u00e8, un drink o un pranzo nel famoso Safari bar, situato proprio accanto alla baia in cui la nostra barca sar\u00e0 ormeggiata. Il Safari bar \u00e8 qualcosa di raramente visto nelle nostre attivit\u00e0 quotidiane, quindi \u00e8 un'attrazione di cui racconterai sicuramente a tutti quando tornerai da questo tour. Dopo pranzo e le attivit\u00e0 di nuoto, navigheremo con una rilassante gita in barca fino al porto di Fa\u017eana, della durata di un'ora e mezza, con splendidi panorami dell'Istria meridionale e delle isole Brioni.<\/p>\n<p>&nbsp;<\/p>\n<h2><b>Cosa \u00e8 incluso nel prezzo?<\/b><\/h2>\n<ul>\n<li>maschere subacquee,<\/li>\n<li>benzina,<\/li>\n<li>skipper-guida<\/li>\n<\/ul>\n<p>&nbsp;<\/p>\n<h4><strong>Il nostro consiglio: <\/strong><\/h4>\n<h4>Porta la crema solare perch\u00e9 il tour in barca pu\u00f2 durare pi\u00f9 di 5 ore, al sole.<\/h4>\n<p>&nbsp;<\/p>","protected":false},"excerpt":{"rendered":"<p>Il tour privato in barca a Capo Kamenjak da Fa\u017eana con snorkeling ti offre quasi 6 ore di puro piacere in mare aperto e su spiagge appartate del parco naturale di Kamenjak, lontano dalla folla. Il nostro team render\u00e0 la tua giornata speciale, appagante e indimenticabile. Un tour che delizier\u00e0 la persona amata, tutta la famiglia o gli amici perch\u00e9 \u00e8 divertente e sicuro per tutti.<\/p>","protected":false},"featured_media":2618,"template":"","meta":{"_acf_changed":false},"product_cat":[27,26],"product_tag":[],"class_list":{"0":"post-892","1":"product","2":"type-product","3":"status-publish","4":"has-post-thumbnail","6":"product_cat-boat-tours","7":"product_cat-private-tours","9":"first","10":"instock","11":"featured","12":"virtual","13":"purchasable","14":"product-type-simple","swatches":"rey-swatches","show_selected":""},"acf":[],"_links":{"self":[{"href":"https:\/\/www.seatoursistria.com\/it\/wp-json\/wp\/v2\/product\/892","targetHints":{"allow":["GET"]}}],"collection":[{"href":"https:\/\/www.seatoursistria.com\/it\/wp-json\/wp\/v2\/product"}],"about":[{"href":"https:\/\/www.seatoursistria.com\/it\/wp-json\/wp\/v2\/types\/product"}],"version-history":[{"count":5,"href":"https:\/\/www.seatoursistria.com\/it\/wp-json\/wp\/v2\/product\/892\/revisions"}],"predecessor-version":[{"id":4714,"href":"https:\/\/www.seatoursistria.com\/it\/wp-json\/wp\/v2\/product\/892\/revisions\/4714"}],"wp:featuredmedia":[{"embeddable":true,"href":"https:\/\/www.seatoursistria.com\/it\/wp-json\/wp\/v2\/media\/2618"}],"wp:attachment":[{"href":"https:\/\/www.seatoursistria.com\/it\/wp-json\/wp\/v2\/media?parent=892"}],"wp:term":[{"taxonomy":"product_cat","embeddable":true,"href":"https:\/\/www.seatoursistria.com\/it\/wp-json\/wp\/v2\/product_cat?post=892"},{"taxonomy":"product_tag","embeddable":true,"href":"https:\/\/www.seatoursistria.com\/it\/wp-json\/wp\/v2\/product_tag?post=892"}],"curies":[{"name":"wp","href":"https:\/\/api.w.org\/{rel}","templated":true}]}}