{"id":2338,"date":"2022-05-17T08:32:00","date_gmt":"2022-05-17T08:32:02","guid":{"rendered":"https:\/\/www.seatoursistria.com\/?post_type=product&#038;p=2338"},"modified":"2023-05-24T10:25:25","modified_gmt":"2023-05-24T10:25:25","slug":"tour-privato-in-barca-a-rovigno","status":"publish","type":"product","link":"https:\/\/www.seatoursistria.com\/it\/tour\/tour-privato-in-barcha-fazana-rovigno\/","title":{"rendered":"Tour privato in barca Fasana Rovigno"},"content":{"rendered":"<p><span style=\"font-weight: 400\">Il tour \u00e8 perfetto per una famiglia o un piccolo gruppo di amici. Viaggiando verso Rovigno, passerai vicino a incantevoli isole e potrai nuotare nell\u2019acqua cristallina. La parte pi\u00f9 memorabile del viaggio \u00e8 probabilmente il tour panoramico di Rovigno, durante il quale il nostro skipper far\u00e0 una breve sosta e ti lascer\u00e0 libero di scoprire la citt\u00e0 da solo.<br \/>\n<\/span><\/p>\n<p><span style=\"font-weight: 400\">Ti consigliamo di portare con te la macchina fotografica durante il tour in barca, poich\u00e9 la vista panoramica di Rovigno \u00e8 uno spettacolo che vorrai ricordare per sempre.<\/span><\/p>\n<p>&nbsp;<\/p>\n<h2>Dettagli del tour in barca di Rovigno:<\/h2>\n<p><span style=\"font-weight: 400\">Il tour dell'amore inizier\u00e0 da Fasana verso le 11, quando salperemo con la nostra barca completamente attrezzata e lussuosa. Dopo 30 minuti di viaggio, faremo una pausa a met\u00e0 strada, dove potrai rilassarti e nuotare per 30 minuti sulle meravigliose isole delle \u201cDue Sorelle\u201d (cro. Dvije Sestrice). Continueremo il nostro viaggio per altri 20 minuti fino a Rovigno. Durante un tour panoramico di 15 minuti della citt\u00e0, potrai ammirare l'incredibile vista dell'antica casa vicino al mare. Il nostro skipper far\u00e0 una sosta nel centro della citt\u00e0 cos\u00ec potrai scoprire gli edifici storici e le piccole strade di Rovigno.<\/span><\/p>\n<p><span style=\"font-weight: 400\"> Proseguiremo il nostro viaggio per altri 45 minuti, durante i quali potrai ammirare il paesaggio mozzafiato del fiordo di Lim. Il ristorante \u201cViking\u201d, uno dei migliori ristoranti di pesce della Croazia, si trova alla fine di uno dei 13 chilometri di lunghezza della baia. Dopo pranzo, faremo una breve sosta sull\u2019isola di Sv. Andrija per un breve rinfresco prima di fare ritorno.\u00a0\u00a0<\/span><\/p>\n<p><span style=\"font-weight: 400\">\u00a0<\/span><\/p>\n<h2><b>Cosa include il prezzo?<\/b><\/h2>\n<ul>\n<li style=\"font-weight: 400\"><span style=\"font-weight: 400\">carburante,<\/span><\/li>\n<li style=\"font-weight: 400\"><span style=\"font-weight: 400\">guida skipper<\/span><\/li>\n<\/ul>\n<h2><b>Il nostro consiglio:<\/b><\/h2>\n<p><span style=\"font-weight: 400\">Porta con te della crema solare perch\u00e9 il tour in barca pu\u00f2 durare pi\u00f9 di 6 ore, sotto il sole.<\/span><\/p>","protected":false},"excerpt":{"rendered":"<p><strong>Il tour privato in barca a Rovigno<\/strong> con il pranzo nella foce del Lim render\u00e0 la tua vacanza indimenticabile. Il punto forte di questa escursione di sei ore \u00e8 una visita alla \u201cCitt\u00e0 dell\u2019Amore\u201d, Rovigno, e una sosta per pranzo nella foce del Lim, dove si trova uno dei migliori ristoranti di pesce sulla costa adriatica. Un tocco extra unico verr\u00e0 aggiunto a questa escursione con nuotate e snorkeling tra le isole di Rovigno.<\/p>","protected":false},"featured_media":2341,"template":"","meta":{"_acf_changed":false},"product_cat":[103,102],"product_tag":[],"class_list":{"0":"post-2338","1":"product","2":"type-product","3":"status-publish","4":"has-post-thumbnail","6":"product_cat-tour-in-barca","7":"product_cat-tour-privati","9":"first","10":"instock","11":"sale","12":"featured","13":"virtual","14":"purchasable","15":"product-type-simple","swatches":"rey-swatches","show_selected":""},"acf":[],"_links":{"self":[{"href":"https:\/\/www.seatoursistria.com\/it\/wp-json\/wp\/v2\/product\/2338","targetHints":{"allow":["GET"]}}],"collection":[{"href":"https:\/\/www.seatoursistria.com\/it\/wp-json\/wp\/v2\/product"}],"about":[{"href":"https:\/\/www.seatoursistria.com\/it\/wp-json\/wp\/v2\/types\/product"}],"version-history":[{"count":0,"href":"https:\/\/www.seatoursistria.com\/it\/wp-json\/wp\/v2\/product\/2338\/revisions"}],"wp:featuredmedia":[{"embeddable":true,"href":"https:\/\/www.seatoursistria.com\/it\/wp-json\/wp\/v2\/media\/2341"}],"wp:attachment":[{"href":"https:\/\/www.seatoursistria.com\/it\/wp-json\/wp\/v2\/media?parent=2338"}],"wp:term":[{"taxonomy":"product_cat","embeddable":true,"href":"https:\/\/www.seatoursistria.com\/it\/wp-json\/wp\/v2\/product_cat?post=2338"},{"taxonomy":"product_tag","embeddable":true,"href":"https:\/\/www.seatoursistria.com\/it\/wp-json\/wp\/v2\/product_tag?post=2338"}],"curies":[{"name":"wp","href":"https:\/\/api.w.org\/{rel}","templated":true}]}}