{"id":344,"date":"2019-11-08T07:23:38","date_gmt":"2019-11-08T07:23:38","guid":{"rendered":"http:\/\/demos.reytheme.com\/stockholm\/?page_id=344"},"modified":"2021-04-12T11:06:29","modified_gmt":"2021-04-12T11:06:29","slug":"informativa-sulla-privacy","status":"publish","type":"page","link":"https:\/\/www.seatoursistria.com\/it\/privacy-policy\/","title":{"rendered":"Informativa sulla privacy"},"content":{"rendered":"<p>Sea Tours Istria (\u201cnoi\u201d, \u201cci\u201d o \u201cnostro\u201d) gestisce il <a href=\"https:\/\/www.seatoursistria.com\/it\/\" target=\"_blank\" rel=\"noopener\">https:\/\/www.seatoursistria.com\/<\/a> sito web (il \u201cServizio\u201d).<\/p>\n<p>Questa pagina ti informa sulle nostre politiche relative alla raccolta, all'uso e alla divulgazione dei dati personali quando utilizzi il nostro Servizio e sulle scelte che hai associato a tali dati. La nostra Informativa sulla privacy per Sea Tours Istria si basa sulla <a href=\"https:\/\/www.freeprivacypolicy.com\/blog\/sample-privacy-policy-template\/\" target=\"_blank\" rel=\"noopener\">Modello gratuito di informativa sulla privacy per siti web<\/a>.<\/p>\n<p>Utilizziamo i tuoi dati per fornire e migliorare il Servizio. Utilizzando il Servizio, accetti la raccolta e l'uso delle informazioni in conformit\u00e0 con questa politica. Salvo diversamente definito nella presente Informativa sulla privacy, i termini utilizzati nella presente Informativa sulla privacy hanno lo stesso significato dei nostri Termini e condizioni, accessibili da <a href=\"https:\/\/www.seatoursistria.com\/it\/\">https:\/\/www.seatoursistria.com\/<\/a><\/p>\n<h2 class=\"fusion-responsive-typography-calculated\" data-fontsize=\"28\" data-lineheight=\"38.08px\">Raccolta e utilizzo delle informazioni<\/h2>\n<p>Raccogliamo diversi tipi di informazioni per vari scopi al fine di fornirvi e migliorare il nostro Servizio.<\/p>\n<h3 class=\"fusion-responsive-typography-calculated\" data-fontsize=\"24\" data-lineheight=\"48px\">Tipi di dati raccolti<\/h3>\n<h4 class=\"fusion-responsive-typography-calculated\" data-fontsize=\"18\" data-lineheight=\"19.98px\">Dati personali<\/h4>\n<p>Durante l'utilizzo del nostro Servizio, potremmo chiederti di fornirci determinati dati personali che possono essere utilizzati per contattarti o identificarti (\u201cDati Personali\u201d). I dati personali possono includere, a titolo esemplificativo ma non esaustivo:<\/p>\n<ul>\n<li>Indirizzo email<\/li>\n<li>Nome e cognome<\/li>\n<li>Numero di telefono<\/li>\n<li>Indirizzo, Stato, Provincia, CAP, Citt\u00e0<\/li>\n<li>Cookie e dati di utilizzo<\/li>\n<\/ul>\n<h4 class=\"fusion-responsive-typography-calculated\" data-fontsize=\"18\" data-lineheight=\"19.98px\">Dati sull'utilizzo<\/h4>\n<p>Potremmo anche raccogliere informazioni su come il Servizio viene acceduto e utilizzato (\u201cDati di utilizzo\u201d). Questi Dati di utilizzo possono includere informazioni come l'indirizzo IP del tuo computer (ad esempio, indirizzo IP), il tipo di browser, la versione del browser, le pagine del nostro Servizio che visiti, l'ora e la data della tua visita, il tempo trascorso su tali pagine, identificatori univoci del dispositivo e altri dati diagnostici.<\/p>\n<h4 class=\"fusion-responsive-typography-calculated\" data-fontsize=\"18\" data-lineheight=\"19.98px\">Dati di tracciamento e cookie<\/h4>\n<p>Utilizziamo cookie e tecnologie di tracciamento simili per monitorare l'attivit\u00e0 sul nostro Servizio e conservare determinate informazioni.<\/p>\n<p>I cookie sono file con una piccola quantit\u00e0 di dati che possono includere un identificatore univoco anonimo. I cookie vengono inviati al tuo browser da un sito web e memorizzati sul tuo dispositivo. Le tecnologie di tracciamento utilizzate sono anche beacon, tag e script per raccogliere e tracciare informazioni e per migliorare e analizzare il nostro Servizio.<\/p>\n<p>\u00c8 possibile istruire il browser a rifiutare tutti i cookie o a indicare quando un cookie viene inviato. Tuttavia, se non si accettano i cookie, alcune parti del nostro Servizio potrebbero non essere utilizzabili.<\/p>\n<p>Esempi di cookie che utilizziamo:<\/p>\n<ul>\n<li><strong>Cookie di sessione.<\/strong>\u00a0Utilizziamo i cookie di sessione per il funzionamento del nostro Servizio.<\/li>\n<li><strong>Cookie di preferenza.<\/strong>\u00a0Utilizziamo i Cookie per le preferenze per memorizzare le tue preferenze e varie impostazioni.<\/li>\n<li><strong>Cookie di sicurezza.<\/strong>\u00a0Utilizziamo cookie di sicurezza per scopi di sicurezza.<\/li>\n<\/ul>\n<h2 class=\"fusion-responsive-typography-calculated\" data-fontsize=\"28\" data-lineheight=\"38.08px\">Uso dei dati<\/h2>\n<p>Sea Tours Istria utilizza i dati raccolti per vari scopi:<\/p>\n<ul>\n<li>Per fornire e mantenere il Servizio<\/li>\n<li>Per informarti riguardo alle modifiche al nostro Servizio<\/li>\n<li>Per consentirti di partecipare alle funzionalit\u00e0 interattive del nostro Servizio quando scegli di farlo<\/li>\n<li>Per fornire assistenza e supporto ai clienti<\/li>\n<li>Per fornire analisi o informazioni preziose in modo che possiamo migliorare il Servizio<\/li>\n<li>Per monitorare l'utilizzo del Servizio<\/li>\n<li>Per rilevare, prevenire e affrontare problemi tecnici<\/li>\n<\/ul>\n<h2 class=\"fusion-responsive-typography-calculated\" data-fontsize=\"28\" data-lineheight=\"38.08px\">Trasferimento Dati<\/h2>\n<p>Le tue informazioni, inclusi i Dati Personali, possono essere trasferite e conservate su computer situati al di fuori del tuo stato, provincia, paese o altra giurisdizione governativa, dove le leggi sulla protezione dei dati potrebbero differire da quelle della tua giurisdizione.<\/p>\n<p>Se ti trovi al di fuori della Croazia e scegli di fornirci informazioni, tieni presente che trasferiamo i dati, compresi i Dati Personali, in Croazia e li elaboriamo l\u00ec.<\/p>\n<p>Il tuo consenso alla presente Informativa sulla privacy seguito dall'invio di tali informazioni rappresenta il tuo accordo a tale trasferimento.<\/p>\n<p>Sea Tours Istria intraprender\u00e0 tutti i passi ragionevolmente necessari per garantire che i tuoi dati vengano trattati in modo sicuro e in conformit\u00e0 con la presente Informativa sulla privacy e che alcun trasferimento dei tuoi Dati Personali avvenga verso un'organizzazione o un paese a meno che non siano in atto controlli adeguati, inclusa la sicurezza dei tuoi dati e di altre informazioni personali.<\/p>\n<h2 class=\"fusion-responsive-typography-calculated\" data-fontsize=\"28\" data-lineheight=\"38.08px\">Divulgazione dei dati<\/h2>\n<h3 class=\"fusion-responsive-typography-calculated\" data-fontsize=\"24\" data-lineheight=\"48px\">Requisiti legali<\/h3>\n<p>Sea Tours Istria pu\u00f2 divulgare i tuoi Dati Personali in buona fede ritenendo che tale azione sia necessaria per:<\/p>\n<ul>\n<li>Per conformarsi a un obbligo legale<\/li>\n<li>Proteggere e difendere i diritti o la propriet\u00e0 di Sea Tours Istria<\/li>\n<li>Per prevenire o indagare su possibili illeciti in relazione al Servizio<\/li>\n<li>Per proteggere la sicurezza personale degli utenti del Servizio o del pubblico<\/li>\n<li>Per proteggersi da responsabilit\u00e0 legali<\/li>\n<\/ul>\n<h2 class=\"fusion-responsive-typography-calculated\" data-fontsize=\"28\" data-lineheight=\"38.08px\">Sicurezza dei dati<\/h2>\n<p>La sicurezza dei tuoi dati \u00e8 importante per noi, ma ricorda che nessun metodo di trasmissione su Internet, n\u00e9 alcun metodo di archiviazione elettronica \u00e8 sicuro al 100%. Sebbene ci sforziamo di utilizzare mezzi commercialmente accettabili per proteggere i tuoi Dati Personali, non possiamo garantirne l'assoluta sicurezza.<\/p>\n<h2 class=\"fusion-responsive-typography-calculated\" data-fontsize=\"28\" data-lineheight=\"38.08px\">Fornitori di servizi<\/h2>\n<p>Possiamo impiegare societ\u00e0 e individui terzi per facilitare il nostro Servizio (\u201cFornitori di Servizi\u201d), per fornire il Servizio per nostro conto, per eseguire servizi relativi al Servizio o per aiutarci ad analizzare come viene utilizzato il nostro Servizio.<\/p>\n<p>Queste terze parti hanno accesso ai tuoi Dati Personali solo per eseguire queste attivit\u00e0 per nostro conto e sono obbligate a non divulgarli o utilizzarli per alcun altro scopo.<\/p>\n<h2 class=\"fusion-responsive-typography-calculated\" data-fontsize=\"28\" data-lineheight=\"38.08px\">Link ad altri siti<\/h2>\n<p>Il Nostro Servizio potrebbe contenere collegamenti ad altri siti non gestiti da noi. Se fai clic su un collegamento di terze parti, sarai indirizzato al sito di tale terza parte. Ti consigliamo vivamente di rivedere l'Informativa sulla privacy di ogni sito che visiti.<\/p>\n<p>Non abbiamo alcun controllo e non ci assumiamo alcuna responsabilit\u00e0 per il contenuto, le informative sulla privacy o le pratiche di eventuali siti o servizi di terzi.<\/p>\n<h2 class=\"fusion-responsive-typography-calculated\" data-fontsize=\"28\" data-lineheight=\"38.08px\">Privacy dei minori<\/h2>\n<p>Il nostro Servizio non si rivolge a persone di et\u00e0 inferiore ai 18 anni (\u201cMinori\u201d).<\/p>\n<p>Non raccogliamo consapevolmente informazioni di identificazione personale da persone di et\u00e0 inferiore ai 18 anni. Se sei un genitore o un tutore e sei a conoscenza del fatto che i tuoi figli ci hanno fornito dati personali, ti preghiamo di contattarci. Se veniamo a conoscenza di aver raccolto dati personali da bambini senza la verifica del consenso dei genitori, adottiamo misure per rimuovere tali informazioni dai nostri server.<\/p>\n<h2 class=\"fusion-responsive-typography-calculated\" data-fontsize=\"28\" data-lineheight=\"38.08px\">Modifiche alla presente Informativa sulla privacy<\/h2>\n<p>Potremmo aggiornare la nostra Informativa sulla privacy di volta in volta. Ti informeremo di eventuali modifiche pubblicando la nuova Informativa sulla privacy in questa pagina.<\/p>\n<p>Ti informeremo via email e\/o tramite un avviso ben visibile sul nostro Servizio, prima che la modifica diventi effettiva e aggiorneremo la \u201cdata di entrata in vigore\u201d in cima a questa Informativa sulla privacy.<\/p>\n<p>Si consiglia di rivedere periodicamente la presente Informativa sulla privacy per eventuali modifiche. Le modifiche alla presente Informativa sulla privacy sono effettive quando vengono pubblicate in questa pagina.<\/p>\n<h2 class=\"fusion-responsive-typography-calculated\" data-fontsize=\"28\" data-lineheight=\"38.08px\">Contattaci<\/h2>\n<p>Se hai domande su questa Informativa sulla privacy, contattaci:<\/p>\n<ul>\n<li>Via email: <a class=\"PrimaryLink BaseLink\" href=\"mailto:info@seatoursistria.com\" target=\"_blank\" rel=\"noreferrer noopener\">info@seatoursistria.com<\/a><\/li>\n<li>Al numero di telefono: 00385977819466<\/li>\n<\/ul>","protected":false},"excerpt":{"rendered":"<p>Sea Tours Istria (\u201cus\u201d, \u201cwe\u201d, or \u201cour\u201d) operates the https:\/\/www.seatoursistria.com\/ website (the \u201cService\u201d). This page informs you of our policies regarding the collection, use, and disclosure of personal data when you use our Service and the choices you have associated with that data. Our Privacy Policy for Sea Tours Istria is based on the Free [&hellip;]<\/p>\n","protected":false},"author":1,"featured_media":0,"parent":0,"menu_order":0,"comment_status":"closed","ping_status":"closed","template":"template-compact.php","meta":{"_acf_changed":false,"footnotes":""},"class_list":["post-344","page","type-page","status-publish","hentry"],"acf":[],"_links":{"self":[{"href":"https:\/\/www.seatoursistria.com\/it\/wp-json\/wp\/v2\/pages\/344","targetHints":{"allow":["GET"]}}],"collection":[{"href":"https:\/\/www.seatoursistria.com\/it\/wp-json\/wp\/v2\/pages"}],"about":[{"href":"https:\/\/www.seatoursistria.com\/it\/wp-json\/wp\/v2\/types\/page"}],"author":[{"embeddable":true,"href":"https:\/\/www.seatoursistria.com\/it\/wp-json\/wp\/v2\/users\/1"}],"replies":[{"embeddable":true,"href":"https:\/\/www.seatoursistria.com\/it\/wp-json\/wp\/v2\/comments?post=344"}],"version-history":[{"count":6,"href":"https:\/\/www.seatoursistria.com\/it\/wp-json\/wp\/v2\/pages\/344\/revisions"}],"predecessor-version":[{"id":919,"href":"https:\/\/www.seatoursistria.com\/it\/wp-json\/wp\/v2\/pages\/344\/revisions\/919"}],"wp:attachment":[{"href":"https:\/\/www.seatoursistria.com\/it\/wp-json\/wp\/v2\/media?parent=344"}],"curies":[{"name":"wp","href":"https:\/\/api.w.org\/{rel}","templated":true}]}}