{"id":4410,"date":"2025-04-17T09:24:04","date_gmt":"2025-04-17T09:24:04","guid":{"rendered":"https:\/\/www.seatoursistria.com\/?post_type=product&#038;p=4410"},"modified":"2026-04-27T06:58:14","modified_gmt":"2026-04-27T06:58:14","slug":"louer-un-bateau-fazana","status":"publish","type":"product","link":"https:\/\/www.seatoursistria.com\/fr\/tour\/renta-a-boat-fazana\/","title":{"rendered":"Location de bateaux Fa\u017eana"},"content":{"rendered":"<p>Location de bateaux \u00e0 Fa\u017eana \u2013 Avec ou sans skipper<br \/>\nD\u00e9couvrez la beaut\u00e9 de la c\u00f4te istrienne avec notre location de bateaux \u00e0 Fa\u017eana. Que vous soyez un marin exp\u00e9riment\u00e9 ou que vous pr\u00e9f\u00e9riez une journ\u00e9e de d\u00e9tente en mer avec un skipper professionnel, nous offrons des options flexibles pour r\u00e9pondre \u00e0 vos besoins.<\/p>\n<p>Depuis notre emplacement, vous pouvez facilement explorer le parc national voisin de Brijuni, connu pour sa nature intacte et ses eaux cristallines. Dirigez-vous vers le nord et profitez d'une croisi\u00e8re pittoresque jusqu'\u00e0 la charmante ville de Rovinj, c\u00e9l\u00e8bre pour sa vieille ville color\u00e9e. Si vous d\u00e9cidez d'aller vers le sud, vous pourrez d\u00e9couvrir le Cap Kamenjak \u2013 un parc naturel avec des falaises escarp\u00e9es, des baies cach\u00e9es et certaines des eaux les plus claires de la r\u00e9gion. Vous pouvez \u00e9galement visiter la ville historique de Pula et son ancien amphith\u00e9\u00e2tre romain.<\/p>\n<p>Louer un bateau avec nous est le moyen id\u00e9al de d\u00e9couvrir la c\u00f4te istrienne \u00e0 votre mani\u00e8re.<\/p>\n<h4>D\u00e9tails<\/h4>\n<p><strong>Emplacement :<\/strong> Luka Fazana<br \/>\n<strong>Mod\u00e8le:<\/strong> Ouvrir 605<br \/>\n<strong>Longueur : (m)<\/strong> 5.97<br \/>\n<strong>Brouillon (m) :<\/strong> 0.7<br \/>\n<strong>Largeur (m) :<\/strong> 2.35<br \/>\n<strong>Capacit\u00e9:<\/strong> 7 personnes<br \/>\n<strong>Moteur :<\/strong> Mercure XL<br \/>\n<strong>Pouvoir<\/strong> 150 ch<br \/>\n<strong>Type:<\/strong> 4 temps<br \/>\n<strong>Type de carburant :<\/strong> Essence<br \/>\n<strong>D\u00e9p\u00f4t (euro) :<\/strong> 300<br \/>\n<strong>\u00c9quipement :<\/strong> Taud de bimini, ancre, table, GPS, douche, radio, bain de soleil allong\u00e9, feux de navigation<\/p>\n<h2>Prix<\/h2>\n<table>\n<tbody>\n<tr>\n<th>P\u00e9riode<\/th>\n<th>Toute la journ\u00e9e (euro)<\/th>\n<th>Demi-journ\u00e9e (euro)<\/th>\n<\/tr>\n<tr>\n<td>01.05 \u2013 31.05<\/td>\n<td>200<\/td>\n<td>180<\/td>\n<\/tr>\n<tr>\n<td>01.06 \u2013 14.06<\/td>\n<td>220<\/td>\n<td>180<\/td>\n<\/tr>\n<tr>\n<td>15.06 \u2013 02.07<\/td>\n<td>260<\/td>\n<td>200<\/td>\n<\/tr>\n<tr>\n<td>03.07 \u2013 31.08<\/td>\n<td>310<\/td>\n<td>240<\/td>\n<\/tr>\n<\/tbody>\n<\/table>\n<p>&nbsp;<\/p>","protected":false},"excerpt":{"rendered":"<p>D\u00e9couvrez le frisson de l'exploration de l'Adriatique avec notre location de bateau Quicksilver 605 Activ \u00e0 Fa\u017eana ! Ce spacieux navire de 5,97 m, id\u00e9al pour jusqu'\u00e0 7 personnes, est \u00e9quip\u00e9 d'un moteur Mercury de 150 CV, d'un GPS, d'un taud de soleil et d'une plateforme bain de soleil \u00e9tendue pour un confort ultime. Id\u00e9al pour des excursions d'une journ\u00e9e ou des aventures d'une demi-journ\u00e9e, profitez des eaux cristallines pr\u00e8s de Fa\u017eana \u00e0 votre rythme. R\u00e9servez d\u00e8s maintenant pour une exp\u00e9rience c\u00f4ti\u00e8re inoubliable !<\/p>","protected":false},"featured_media":3136,"template":"","meta":{"_acf_changed":false},"product_cat":[199],"product_tag":[],"class_list":{"0":"post-4410","1":"product","2":"type-product","3":"status-publish","4":"has-post-thumbnail","6":"product_cat-skipper-course","8":"first","9":"instock","10":"featured","11":"virtual","12":"purchasable","13":"product-type-simple","swatches":"rey-swatches","show_selected":""},"acf":[],"_links":{"self":[{"href":"https:\/\/www.seatoursistria.com\/fr\/wp-json\/wp\/v2\/product\/4410","targetHints":{"allow":["GET"]}}],"collection":[{"href":"https:\/\/www.seatoursistria.com\/fr\/wp-json\/wp\/v2\/product"}],"about":[{"href":"https:\/\/www.seatoursistria.com\/fr\/wp-json\/wp\/v2\/types\/product"}],"version-history":[{"count":19,"href":"https:\/\/www.seatoursistria.com\/fr\/wp-json\/wp\/v2\/product\/4410\/revisions"}],"predecessor-version":[{"id":4481,"href":"https:\/\/www.seatoursistria.com\/fr\/wp-json\/wp\/v2\/product\/4410\/revisions\/4481"}],"wp:featuredmedia":[{"embeddable":true,"href":"https:\/\/www.seatoursistria.com\/fr\/wp-json\/wp\/v2\/media\/3136"}],"wp:attachment":[{"href":"https:\/\/www.seatoursistria.com\/fr\/wp-json\/wp\/v2\/media?parent=4410"}],"wp:term":[{"taxonomy":"product_cat","embeddable":true,"href":"https:\/\/www.seatoursistria.com\/fr\/wp-json\/wp\/v2\/product_cat?post=4410"},{"taxonomy":"product_tag","embeddable":true,"href":"https:\/\/www.seatoursistria.com\/fr\/wp-json\/wp\/v2\/product_tag?post=4410"}],"curies":[{"name":"wp","href":"https:\/\/api.w.org\/{rel}","templated":true}]}}