{"id":1219,"date":"2021-04-20T12:31:49","date_gmt":"2021-04-20T12:31:49","guid":{"rendered":"https:\/\/www.seatoursistria.com\/kontaktieren-sie-uns\/"},"modified":"2021-04-20T12:31:49","modified_gmt":"2021-04-20T12:31:49","slug":"kontaktieren-sie-uns","status":"publish","type":"page","link":"https:\/\/www.seatoursistria.com\/es\/kontaktieren-sie-uns\/","title":{"rendered":"Kontaktieren Sie uns"},"content":{"rendered":"<div data-elementor-type=\"wp-page\" data-elementor-id=\"1219\" class=\"elementor elementor-1219\" data-elementor-post-type=\"page\">\n\t\t\t\t\t\t<section class=\"elementor-section elementor-top-section elementor-element elementor-element-ac54fac rey-flexWrap elementor-section-boxed elementor-section-height-default elementor-section-height-default\" data-id=\"ac54fac\" data-element_type=\"section\" data-e-type=\"section\">\n\t\t\t\t\t\t<div class=\"elementor-container elementor-column-gap-default\">\n\t\t\t\t\t<div class=\"elementor-column elementor-col-50 elementor-top-column elementor-element elementor-element-b1b4e57\" data-id=\"b1b4e57\" data-element_type=\"column\" data-e-type=\"column\">\n\t\t\t<div class=\"elementor-column-wrap--b1b4e57 elementor-widget-wrap elementor-element-populated\">\n\t\t\t\t\t\t<div class=\"elementor-element elementor-element-50c09af elementor-widget elementor-widget-heading\" data-id=\"50c09af\" data-element_type=\"widget\" data-e-type=\"widget\" data-widget_type=\"heading.default\">\n\t\t\t\t<div class=\"elementor-widget-container\">\n\t\t\t\t\t<h1 class=\"elementor-heading-title elementor-size-default\">Cont\u00e1ctanos<\/h1>\t\t\t\t<\/div>\n\t\t\t\t<\/div>\n\t\t\t\t<div class=\"elementor-element elementor-element-21c623d elementor-widget elementor-widget-heading\" data-id=\"21c623d\" data-element_type=\"widget\" data-e-type=\"widget\" data-widget_type=\"heading.default\">\n\t\t\t\t<div class=\"elementor-widget-container\">\n\t\t\t\t\t<h4 class=\"elementor-heading-title elementor-size-default\">Nuestra misi\u00f3n es ofrecerte mucho m\u00e1s que solo navegaci\u00f3n. Ofrecemos una experiencia de verano \u00fanica.<\/h4>\t\t\t\t<\/div>\n\t\t\t\t<\/div>\n\t\t\t\t<div class=\"elementor-element elementor-element-13ec9d2 elementor-widget-divider--view-line elementor-widget elementor-widget-divider\" data-id=\"13ec9d2\" data-element_type=\"widget\" data-e-type=\"widget\" data-widget_type=\"divider.default\">\n\t\t\t\t<div class=\"elementor-widget-container\">\n\t\t\t\t\t\t\t<div class=\"elementor-divider\">\n\t\t\t<span class=\"elementor-divider-separator\">\n\t\t\t\t\t\t<\/span>\n\t\t<\/div>\n\t\t\t\t\t\t<\/div>\n\t\t\t\t<\/div>\n\t\t\t\t\t<\/div>\n\t\t<\/div>\n\t\t\t\t<div class=\"elementor-column elementor-col-50 elementor-top-column elementor-element elementor-element-2b87d77\" data-id=\"2b87d77\" data-element_type=\"column\" data-e-type=\"column\">\n\t\t\t<div class=\"elementor-column-wrap--2b87d77 elementor-widget-wrap elementor-element-populated\">\n\t\t\t\t\t\t<div class=\"elementor-element elementor-element-2f893e2 elementor-widget elementor-widget-video\" data-id=\"2f893e2\" data-element_type=\"widget\" data-e-type=\"widget\" data-settings=\"{&quot;youtube_url&quot;:&quot;https:\\\/\\\/www.youtube.com\\\/watch?v=P7wBNLaF2lo&amp;feature=emb_logo&quot;,&quot;video_type&quot;:&quot;youtube&quot;,&quot;controls&quot;:&quot;yes&quot;}\" data-widget_type=\"video.default\">\n\t\t\t\t<div class=\"elementor-widget-container\">\n\t\t\t\t\t\t\t<div class=\"elementor-wrapper elementor-open-inline\">\n\t\t\t<div class=\"elementor-video\"><\/div>\t\t<\/div>\n\t\t\t\t\t\t<\/div>\n\t\t\t\t<\/div>\n\t\t\t\t\t<\/div>\n\t\t<\/div>\n\t\t\t\t\t<\/div>\n\t\t<\/section>\n\t\t\t\t<section class=\"elementor-section elementor-top-section elementor-element elementor-element-8368455 elementor-section-boxed elementor-section-height-default elementor-section-height-default\" data-id=\"8368455\" data-element_type=\"section\" data-e-type=\"section\">\n\t\t\t\t\t\t<div class=\"elementor-container elementor-column-gap-default\">\n\t\t\t\t\t<div class=\"elementor-column elementor-col-100 elementor-top-column elementor-element elementor-element-fb2afb6\" data-id=\"fb2afb6\" data-element_type=\"column\" data-e-type=\"column\">\n\t\t\t<div class=\"elementor-column-wrap--fb2afb6 elementor-widget-wrap elementor-element-populated\">\n\t\t\t\t\t\t<div class=\"elementor-element elementor-element-410f265 elementor-widget__width-auto elementor-hidden-phone elementor-widget-divider--view-line elementor-widget elementor-widget-divider\" data-id=\"410f265\" data-element_type=\"widget\" data-e-type=\"widget\" data-widget_type=\"divider.default\">\n\t\t\t\t<div class=\"elementor-widget-container\">\n\t\t\t\t\t\t\t<div class=\"elementor-divider\">\n\t\t\t<span class=\"elementor-divider-separator\">\n\t\t\t\t\t\t<\/span>\n\t\t<\/div>\n\t\t\t\t\t\t<\/div>\n\t\t\t\t<\/div>\n\t\t\t\t<div class=\"elementor-element elementor-element-aea6dfa elementor-widget__width-initial elementor-widget elementor-widget-heading\" data-id=\"aea6dfa\" data-element_type=\"widget\" data-e-type=\"widget\" data-widget_type=\"heading.default\">\n\t\t\t\t<div class=\"elementor-widget-container\">\n\t\t\t\t\t<h3 class=\"elementor-heading-title elementor-size-xl\">Navegando un nuevo y lujoso barco en el que sus mascotas peludas son siempre bienvenidas.<\/h3>\t\t\t\t<\/div>\n\t\t\t\t<\/div>\n\t\t\t\t\t<\/div>\n\t\t<\/div>\n\t\t\t\t\t<\/div>\n\t\t<\/section>\n\t\t\t\t<section class=\"elementor-section elementor-top-section elementor-element elementor-element-bb7ac67 rey-flexWrap elementor-section-boxed elementor-section-height-default elementor-section-height-default\" data-id=\"bb7ac67\" data-element_type=\"section\" data-e-type=\"section\">\n\t\t\t\t\t\t<div class=\"elementor-container elementor-column-gap-extended\">\n\t\t\t\t\t<div class=\"elementor-column elementor-col-100 elementor-top-column elementor-element elementor-element-e21aa43\" data-id=\"e21aa43\" data-element_type=\"column\" data-e-type=\"column\">\n\t\t\t<div class=\"elementor-column-wrap--e21aa43 elementor-widget-wrap elementor-element-populated\">\n\t\t\t\t\t\t<div class=\"elementor-element elementor-element-a2ab6bf elementor-widget elementor-widget-text-editor\" data-id=\"a2ab6bf\" data-element_type=\"widget\" data-e-type=\"widget\" data-widget_type=\"text-editor.default\">\n\t\t\t\t<div class=\"elementor-widget-container\">\n\t\t\t\t\t\t\t\t\t<p>ea tours Istria is a local leader in providing perfect boat tours. We offer several tours with our luxury boat, which will provide you an unforgettable summer adventure.<br \/>Ayudamos a los viajeros a elegir el viaje adecuado para ellos a precios asequibles.<br \/>Te llevamos en paseos en barco \u00fanicos por la costa de Istria, que esconde numerosas islas, islotes y bah\u00edas.<br \/>La impresionante costa de Istria representa la belleza de la naturaleza virgen entrelazada con una historia fascinante. Mientras navega por las cristalinas aguas turquesas del mar Adri\u00e1tico, podr\u00e1 disfrutar de impresionantes panoramas y paisajes impresionantes.<\/p>\t\t\t\t\t\t\t\t<\/div>\n\t\t\t\t<\/div>\n\t\t\t\t\t<\/div>\n\t\t<\/div>\n\t\t\t\t\t<\/div>\n\t\t<\/section>\n\t\t\t\t<section class=\"elementor-section elementor-top-section elementor-element elementor-element-7f45d010 rey-flexWrap elementor-section-boxed elementor-section-height-default elementor-section-height-default\" data-id=\"7f45d010\" data-element_type=\"section\" data-e-type=\"section\">\n\t\t\t\t\t\t<div class=\"elementor-container elementor-column-gap-no\">\n\t\t\t\t\t<div class=\"elementor-column elementor-col-50 elementor-top-column elementor-element elementor-element-53717c6b\" data-id=\"53717c6b\" data-element_type=\"column\" data-e-type=\"column\">\n\t\t\t<div class=\"elementor-column-wrap--53717c6b elementor-widget-wrap elementor-element-populated\">\n\t\t\t\t\t\t<div class=\"elementor-element elementor-element-40f92aee --zindexed-1 elementor-widget elementor-widget-image\" data-id=\"40f92aee\" data-element_type=\"widget\" data-e-type=\"widget\" data-widget_type=\"image.default\">\n\t\t\t\t<div class=\"elementor-widget-container\">\n\t\t\t\t\t\t\t\t\t\t\t\t\t\t\t<img fetchpriority=\"high\" decoding=\"async\" width=\"1000\" height=\"800\" src=\"https:\/\/www.seatoursistria.com\/wp-content\/uploads\/2021\/03\/1-3.jpg\" class=\"attachment-large size-large wp-image-744\" alt=\"\" srcset=\"https:\/\/www.seatoursistria.com\/wp-content\/uploads\/2021\/03\/1-3.jpg 1000w, https:\/\/www.seatoursistria.com\/wp-content\/uploads\/2021\/03\/1-3-300x240.jpg 300w, https:\/\/www.seatoursistria.com\/wp-content\/uploads\/2021\/03\/1-3-768x614.jpg 768w, https:\/\/www.seatoursistria.com\/wp-content\/uploads\/2021\/03\/1-3-450x360.jpg 450w\" sizes=\"(max-width: 1000px) 100vw, 1000px\" \/>\t\t\t\t\t\t\t\t\t\t\t\t\t\t\t<\/div>\n\t\t\t\t<\/div>\n\t\t\t\t\t<\/div>\n\t\t<\/div>\n\t\t\t\t<div class=\"elementor-column elementor-col-50 elementor-top-column elementor-element elementor-element-40206b67\" data-id=\"40206b67\" data-element_type=\"column\" data-e-type=\"column\">\n\t\t\t<div class=\"elementor-column-wrap--40206b67 elementor-widget-wrap elementor-element-populated\">\n\t\t\t\t\t\t<div class=\"elementor-element elementor-element-7af3b960 elementor-widget elementor-widget-image\" data-id=\"7af3b960\" data-element_type=\"widget\" data-e-type=\"widget\" data-widget_type=\"image.default\">\n\t\t\t\t<div class=\"elementor-widget-container\">\n\t\t\t\t\t\t\t\t\t\t\t\t\t\t\t<img decoding=\"async\" width=\"1920\" height=\"925\" src=\"https:\/\/www.seatoursistria.com\/wp-content\/uploads\/2021\/04\/1-2.jpg\" class=\"attachment-full size-full wp-image-640\" alt=\"\" srcset=\"https:\/\/www.seatoursistria.com\/wp-content\/uploads\/2021\/04\/1-2.jpg 1920w, https:\/\/www.seatoursistria.com\/wp-content\/uploads\/2021\/04\/1-2-300x145.jpg 300w, https:\/\/www.seatoursistria.com\/wp-content\/uploads\/2021\/04\/1-2-1024x493.jpg 1024w, https:\/\/www.seatoursistria.com\/wp-content\/uploads\/2021\/04\/1-2-768x370.jpg 768w, https:\/\/www.seatoursistria.com\/wp-content\/uploads\/2021\/04\/1-2-1536x740.jpg 1536w, https:\/\/www.seatoursistria.com\/wp-content\/uploads\/2021\/04\/1-2-450x217.jpg 450w, https:\/\/www.seatoursistria.com\/wp-content\/uploads\/2021\/04\/1-2-1080x520.jpg 1080w\" sizes=\"(max-width: 1920px) 100vw, 1920px\" \/>\t\t\t\t\t\t\t\t\t\t\t\t\t\t\t<\/div>\n\t\t\t\t<\/div>\n\t\t\t\t\t<\/div>\n\t\t<\/div>\n\t\t\t\t\t<\/div>\n\t\t<\/section>\n\t\t\t\t<\/div>","protected":false},"excerpt":{"rendered":"","protected":false},"author":1,"featured_media":0,"parent":0,"menu_order":0,"comment_status":"closed","ping_status":"closed","template":"template-builder.php","meta":{"_acf_changed":false,"footnotes":""},"class_list":["post-1219","page","type-page","status-publish","hentry"],"acf":[],"_links":{"self":[{"href":"https:\/\/www.seatoursistria.com\/es\/wp-json\/wp\/v2\/pages\/1219","targetHints":{"allow":["GET"]}}],"collection":[{"href":"https:\/\/www.seatoursistria.com\/es\/wp-json\/wp\/v2\/pages"}],"about":[{"href":"https:\/\/www.seatoursistria.com\/es\/wp-json\/wp\/v2\/types\/page"}],"author":[{"embeddable":true,"href":"https:\/\/www.seatoursistria.com\/es\/wp-json\/wp\/v2\/users\/1"}],"replies":[{"embeddable":true,"href":"https:\/\/www.seatoursistria.com\/es\/wp-json\/wp\/v2\/comments?post=1219"}],"version-history":[{"count":0,"href":"https:\/\/www.seatoursistria.com\/es\/wp-json\/wp\/v2\/pages\/1219\/revisions"}],"wp:attachment":[{"href":"https:\/\/www.seatoursistria.com\/es\/wp-json\/wp\/v2\/media?parent=1219"}],"curies":[{"name":"wp","href":"https:\/\/api.w.org\/{rel}","templated":true}]}}