{"id":889,"date":"2021-04-12T09:24:33","date_gmt":"2021-04-12T09:24:33","guid":{"rendered":"https:\/\/www.seatoursistria.com\/?post_type=product&#038;p=889"},"modified":"2026-04-29T16:42:36","modified_gmt":"2026-04-29T16:42:36","slug":"seagull-rocks-private-bootstour","status":"publish","type":"product","link":"https:\/\/www.seatoursistria.com\/de\/tour\/seagull-rocks-private-boat-tour\/","title":{"rendered":"Seagull Rocks Pula private Bootstour"},"content":{"rendered":"<p>Diese private Bootstour von Seagull Rocks wird Ihren Tag unvergesslich machen. Seagull Rocks in Pula ist ein attraktiver und besonderer Ort.<\/p>\n<p>Die ideale Kombination aus Schwimmen, Tauchen, Adrenalin und Entspannung, eingebettet in 3 Stunden unvergesslichem Abenteuer, das niemanden gleichg\u00fcltig l\u00e4sst.<\/p>\n<p>Unerforschte Inseln, wundersch\u00f6ne Natur, Schnorcheln und versteckte H\u00f6hlen mit kleinen Str\u00e4nden im Inneren werden diesen Tag unvergesslich machen.<\/p>\n<p>Wenn Sie die Highlights der Str\u00e4nde von Pula erkunden m\u00f6chten, ist diese Bootstour mit Schnorcheln am M\u00f6wenfelsen ideal f\u00fcr Sie.<\/p>\n<p>Dieses versteckte Juwel erm\u00f6glicht es Ihnen, eine der sch\u00f6nsten H\u00f6hlen Kroatiens zu erkunden. Sie m\u00fcssen sich keine Sorgen machen, wenn Ihnen Erfahrung oder die n\u00f6tige Ausr\u00fcstung fehlt, denn wir geben Ihnen alle notwendigen Informationen und unsere Ausr\u00fcstung.<\/p>\n<h2><b>Seagull Rocks Bootstour Details:<br \/>\n<\/b><\/h2>\n<p>Wir werden vom Hafen von Fa\u017eana ablegen, wo wir mit einer Panoramatour zu 14 g\u00f6ttlichen Inseln des Nationalparks Brijuni und der Pula-Kaimauer beginnen, die eine Stunde dauern wird.<\/p>\n<p>Wir werden unsere neue exklusive Jacht f\u00fcr eine Stunde neben den M\u00f6wenfelsen vor Anker legen, damit Sie in den H\u00f6hlen der M\u00f6wenfelsen schwimmen oder schnorcheln k\u00f6nnen.<\/p>\n<p>Sicherlich werden Sie die M\u00f6wenfelsen genie\u00dfen, da Sie dort schwimmen, die H\u00f6hle erkunden und im kristallklaren Meer schnorcheln k\u00f6nnen. Nach den M\u00f6wenfelsen brechen wir zur fantastischen Aussicht auf, zu den Panoramablicken auf Muzil \u2013 eine verlassene ehemalige Milit\u00e4rbasis. Eine aufregende Fahrt entlang der K\u00fcste, die 15 Minuten dauert. Bevor wir nach Fa\u017eana zur\u00fcckkehren, halten wir noch einmal, wie die Kirsche auf dem Sahneh\u00e4ubchen, auf der Insel Kozada. Stellen Sie sich vor, im gesch\u00fctzten Wasser des Nationalparks Brijuni zu schnorcheln.<\/p>\n<p>Hier k\u00f6nnen Sie diese verlassene Insel erkunden oder in das gesch\u00fctzte Meer des Nationalparks eintauchen, das voller vielf\u00e4ltiger Fischarten ist. Nach 40 Minuten Aktivit\u00e4ten auf der Insel Kozada fahren wir zum Hafen von Fa\u017eana.<\/p>\n<h2><b>Was ist im Preis inbegriffen?<\/b><\/h2>\n<ul>\n<li>Tauchmasken,<\/li>\n<li>Benzin,<\/li>\n<li>Skipper-Ratgeber<\/li>\n<\/ul>\n<p>&nbsp;<\/p>","protected":false},"excerpt":{"rendered":"<p>Die private Bootstour zu den M\u00f6wenfelsen ab Fa\u017eana wird Ihren Urlaub zu einem unvergesslichen Erlebnis machen. Entdecken Sie erstaunliche H\u00f6hlen und wundersch\u00f6ne, abgelegene und etwas abenteuerliche Str\u00e4nde. Begleiten Sie uns auf ein Sommerabenteuer voller Spa\u00df und Aufregung. Diese Tour ist eine gro\u00dfartige Wahl f\u00fcr Familien, kleine Freundesgruppen und Paare.<\/p>","protected":false},"featured_media":648,"template":"","meta":{"_acf_changed":false},"product_cat":[27,26],"product_tag":[],"class_list":{"0":"post-889","1":"product","2":"type-product","3":"status-publish","4":"has-post-thumbnail","6":"product_cat-boat-tours","7":"product_cat-private-tours","9":"first","10":"instock","11":"featured","12":"virtual","13":"purchasable","14":"product-type-simple","swatches":"rey-swatches","show_selected":""},"acf":[],"_links":{"self":[{"href":"https:\/\/www.seatoursistria.com\/de\/wp-json\/wp\/v2\/product\/889","targetHints":{"allow":["GET"]}}],"collection":[{"href":"https:\/\/www.seatoursistria.com\/de\/wp-json\/wp\/v2\/product"}],"about":[{"href":"https:\/\/www.seatoursistria.com\/de\/wp-json\/wp\/v2\/types\/product"}],"version-history":[{"count":5,"href":"https:\/\/www.seatoursistria.com\/de\/wp-json\/wp\/v2\/product\/889\/revisions"}],"predecessor-version":[{"id":4715,"href":"https:\/\/www.seatoursistria.com\/de\/wp-json\/wp\/v2\/product\/889\/revisions\/4715"}],"wp:featuredmedia":[{"embeddable":true,"href":"https:\/\/www.seatoursistria.com\/de\/wp-json\/wp\/v2\/media\/648"}],"wp:attachment":[{"href":"https:\/\/www.seatoursistria.com\/de\/wp-json\/wp\/v2\/media?parent=889"}],"wp:term":[{"taxonomy":"product_cat","embeddable":true,"href":"https:\/\/www.seatoursistria.com\/de\/wp-json\/wp\/v2\/product_cat?post=889"},{"taxonomy":"product_tag","embeddable":true,"href":"https:\/\/www.seatoursistria.com\/de\/wp-json\/wp\/v2\/product_tag?post=889"}],"curies":[{"name":"wp","href":"https:\/\/api.w.org\/{rel}","templated":true}]}}