{"id":2338,"date":"2022-05-17T08:32:00","date_gmt":"2022-05-17T08:32:02","guid":{"rendered":"https:\/\/www.seatoursistria.com\/?post_type=product&#038;p=2338"},"modified":"2023-05-24T10:25:25","modified_gmt":"2023-05-24T10:25:25","slug":"privater-bootsausflug-fazana-rovinj","status":"publish","type":"product","link":"https:\/\/www.seatoursistria.com\/de\/tour\/tour-privato-in-barcha-fazana-rovigno\/","title":{"rendered":"Private Bootstour Fazana Rovinj"},"content":{"rendered":"<p><span style=\"font-weight: 400\">Die Tour ist perfekt f\u00fcr eine Familie oder eine kleine Gruppe von Freunden. Auf dem Weg nach Rovinj fahren Sie an bezaubernden Inseln vorbei und k\u00f6nnen im kristallklaren Wasser schwimmen. Der denkw\u00fcrdigste Teil der Reise ist wahrscheinlich die Sightseeing-Tour von Rovinj, bei der unser Skipper eine kurze Pause einlegt und Sie die Stadt auf eigene Faust erkunden k\u00f6nnen.<br \/>\n<\/span><\/p>\n<p><span style=\"font-weight: 400\">Wir empfehlen Ihnen, Ihre Kamera auf der Bootstour mitzunehmen, da der Panoramablick auf Rovinj ein Anblick ist, den Sie f\u00fcr immer festhalten m\u00f6chten.<\/span><\/p>\n<p>&nbsp;<\/p>\n<h2>Details zur Bootstour Rovinj:<\/h2>\n<p><span style=\"font-weight: 400\">Die Liebes-Tour beginnt gegen 11 Uhr in Fa\u017eana, wenn wir mit unserem voll ausgestatteten und luxuri\u00f6sen Boot ablegen. Nach 30 Minuten Fahrt machen wir auf halber Strecke eine Pause, wo Sie 30 Minuten auf den wundersch\u00f6nen Inseln der \u201cZwei Schwestern\u201d (kroatisch: Dvije Sestrice) entspannen und schwimmen k\u00f6nnen. Wir setzen unsere Fahrt f\u00fcr weitere 20 Minuten fort, bis wir Rovinj erreichen. W\u00e4hrend einer 15-min\u00fctigen Panoramatour durch die Stadt k\u00f6nnen Sie den unglaublichen Anblick alter H\u00e4user am Meer bewundern. Unser Skipper legt im Stadtzentrum an, damit Sie die historischen Geb\u00e4ude und kleinen Gassen von Rovinj erkunden k\u00f6nnen.<\/span><\/p>\n<p><span style=\"font-weight: 400\"> Wir setzen unsere Reise f\u00fcr weitere 45 Minuten fort, w\u00e4hrend der Sie die atemberaubende Landschaft des Limfjords genie\u00dfen k\u00f6nnen. Das Restaurant \u201cViking\u201d, eines der besten Fischrestaurants Kroatiens, liegt am Ende einer der 13 Kilometer langen Bucht. Nach dem Mittagessen machen wir eine kurze Pause auf der Insel Sv. Andrija f\u00fcr eine kleine Erfrischung, bevor wir zur\u00fcckkehren.\u00a0\u00a0<\/span><\/p>\n<p><span style=\"font-weight: 400\">\u00a0<\/span><\/p>\n<h2><b>Was ist im Preis inbegriffen?<\/b><\/h2>\n<ul>\n<li style=\"font-weight: 400\"><span style=\"font-weight: 400\">Kraftstoff,<\/span><\/li>\n<li style=\"font-weight: 400\"><span style=\"font-weight: 400\">Skipper-Guide<\/span><\/li>\n<\/ul>\n<h2><b>Unser Rat:<\/b><\/h2>\n<p><span style=\"font-weight: 400\">Nimm Sonnencreme mit, denn die Bootstour kann \u00fcber 6 Stunden in der Sonne dauern.<\/span><\/p>","protected":false},"excerpt":{"rendered":"<p><strong>Die private Bootstour in Rovinj<\/strong> Mit einem Mittagessen in der Lim-Bucht wird Ihr Urlaub unvergesslich. Der H\u00f6hepunkt dieser sechs Stunden langen Exkursion ist ein Besuch der \u201cStadt der Liebe\u201d, Rovinj, und ein Stopp zum Mittagessen in der Lim-Bucht, wo sich eines der besten Fischrestaurants an der Adriak\u00fcste befindet. Ein einzigartiger zus\u00e4tzlicher Reiz wird dieser Exkursion durch Schwimm- und Schnorchelm\u00f6glichkeiten zwischen den Inseln von Rovinj verliehen.<\/p>","protected":false},"featured_media":2341,"template":"","meta":{"_acf_changed":false},"product_cat":[103,102],"product_tag":[],"class_list":{"0":"post-2338","1":"product","2":"type-product","3":"status-publish","4":"has-post-thumbnail","6":"product_cat-tour-in-barca","7":"product_cat-tour-privati","9":"first","10":"instock","11":"sale","12":"featured","13":"virtual","14":"purchasable","15":"product-type-simple","swatches":"rey-swatches","show_selected":""},"acf":[],"_links":{"self":[{"href":"https:\/\/www.seatoursistria.com\/de\/wp-json\/wp\/v2\/product\/2338","targetHints":{"allow":["GET"]}}],"collection":[{"href":"https:\/\/www.seatoursistria.com\/de\/wp-json\/wp\/v2\/product"}],"about":[{"href":"https:\/\/www.seatoursistria.com\/de\/wp-json\/wp\/v2\/types\/product"}],"version-history":[{"count":0,"href":"https:\/\/www.seatoursistria.com\/de\/wp-json\/wp\/v2\/product\/2338\/revisions"}],"wp:featuredmedia":[{"embeddable":true,"href":"https:\/\/www.seatoursistria.com\/de\/wp-json\/wp\/v2\/media\/2341"}],"wp:attachment":[{"href":"https:\/\/www.seatoursistria.com\/de\/wp-json\/wp\/v2\/media?parent=2338"}],"wp:term":[{"taxonomy":"product_cat","embeddable":true,"href":"https:\/\/www.seatoursistria.com\/de\/wp-json\/wp\/v2\/product_cat?post=2338"},{"taxonomy":"product_tag","embeddable":true,"href":"https:\/\/www.seatoursistria.com\/de\/wp-json\/wp\/v2\/product_tag?post=2338"}],"curies":[{"name":"wp","href":"https:\/\/api.w.org\/{rel}","templated":true}]}}