{"id":1298,"date":"2021-04-12T08:34:06","date_gmt":"2021-04-21T08:13:05","guid":{"rendered":"https:\/\/www.seatoursistria.com\/tour\/tour-di-osservazione-dei-delfini-al-tramonto-da-fasana\/"},"modified":"2024-06-13T04:26:45","modified_gmt":"2024-06-13T04:26:45","slug":"delfinbeobachtungstour-bei-sonnenuntergang-von-fazana","status":"publish","type":"product","link":"https:\/\/www.seatoursistria.com\/de\/tour\/tour-di-osservazione-dei-delfini-al-tramonto-da-fasana\/","title":{"rendered":"Delfinbeobachtungstour bei Sonnenuntergang ab Fasana"},"content":{"rendered":"<p>Diese Delfin-Tour bei Sonnenuntergang ist ideal f\u00fcr alle Naturliebhaber und Romantiker, die Sonnenunterg\u00e4nge lieben. Die wundersch\u00f6ne Landschaft und die freundlichen Delfine werden Ihrer Urlaubsreise Freude und Emotionen schenken.<\/p>\n<p>Die unber\u00fchrte Natur, alle Blaut\u00f6ne, romantische Sonnenunterg\u00e4nge und die Ger\u00e4usche der Natur, die sich vereinen, erz\u00e4hlen eine besondere Geschichte, die Sie mit Begeisterung h\u00f6ren und sehen werden.<\/p>\n<p>Alle Ihre Sorgen bez\u00fcglich Ihrer Reise werden mit der Hilfe unserer freundlichen und professionellen Mitarbeiter verschwinden. Sie werden Ihnen alle notwendigen Informationen geben, damit Sie sich vollkommen entspannen und einen wundervollen Tag genie\u00dfen k\u00f6nnen.<\/p>\n<p>Neben deinen Freunden oder deiner Familie kannst du auch deine entz\u00fcckenden Haustiere mitbringen, denn auch sie haben es verdient, die unber\u00fchrte Natur Istriens zu genie\u00dfen.<\/p>\n<p>Wir garantieren Ihnen ein absolut unglaubliches Abenteuer, in das jung und alt sich verlieben werden! Au\u00dferdem k\u00f6nnen wir eine sehr hilfsbereite und engagierte Crew unter Quarant\u00e4ne stellen, die nicht nur nach einem, sondern nach einer ganzen Gruppe von Delfinen sucht.<\/p>\n<p>&nbsp;<\/p>\n<h2><b>Details der Delfinbeobachtungstour<\/b><\/h2>\n<p>Die Abfahrt erfolgt vom Hafen von Fasana, von wo aus wir in die klare See des Nationalparks Brijuni segeln und 14 wundersch\u00f6ne Inseln entlang der K\u00fcste besuchen werden.<\/p>\n<p>Nach dem g\u00f6ttlichen Brioni gehen wir auf die \u201cJagd\u201d nach den K\u00f6nigen des Meeres, den magischen Delfinen.<\/p>\n<p>Eine Stunde Vergn\u00fcgen auf offener See mit einer wundersch\u00f6nen Aussicht auf den romantischen Sonnenuntergang und elegante, tanzende Delfine.<br \/>\nNach einem unvergesslichen Erlebnis kehren wir nach Fasana zur\u00fcck, von wo wir gestartet sind. Mit etwas Gl\u00fcck k\u00f6nnen Sie auf dem R\u00fcckweg auf einer der Inseln wundersch\u00f6ne und elegante Hirsche sehen.<\/p>\n<p>&nbsp;<\/p>\n<h2><b>Was ist im Preis inbegriffen?<\/b><\/h2>\n<ul>\n<li>Tauchmasken,<\/li>\n<li>Benzin<\/li>\n<li>Skipper-Guide<\/li>\n<\/ul>\n<p>&nbsp;<\/p>","protected":false},"excerpt":{"rendered":"<p>Dank unserer Delfin-Tour bei Sonnenuntergang in Fa\u017eana k\u00f6nnen Sie einen romantischen Sonnenuntergang genie\u00dfen, w\u00e4hrend Delfine um das Boot schwimmen. Wir geben unser Bestes, um Ihnen das unglaublichste Abenteuer zu bieten, und was gibt es Besseres, als mit Delfinen zu segeln? Ihre Freunde und Familie werden diese Delfinbeobachtungs-Bootsfahrt niemals vergessen.<\/p>","protected":false},"featured_media":1871,"template":"","meta":{"_acf_changed":false},"product_cat":[103,102],"product_tag":[],"class_list":{"0":"post-1298","1":"product","2":"type-product","3":"status-publish","4":"has-post-thumbnail","6":"product_cat-tour-in-barca","7":"product_cat-tour-privati","9":"first","10":"instock","11":"sale","12":"featured","13":"virtual","14":"purchasable","15":"product-type-simple","swatches":"rey-swatches","show_selected":""},"acf":[],"_links":{"self":[{"href":"https:\/\/www.seatoursistria.com\/de\/wp-json\/wp\/v2\/product\/1298","targetHints":{"allow":["GET"]}}],"collection":[{"href":"https:\/\/www.seatoursistria.com\/de\/wp-json\/wp\/v2\/product"}],"about":[{"href":"https:\/\/www.seatoursistria.com\/de\/wp-json\/wp\/v2\/types\/product"}],"version-history":[{"count":1,"href":"https:\/\/www.seatoursistria.com\/de\/wp-json\/wp\/v2\/product\/1298\/revisions"}],"predecessor-version":[{"id":1841,"href":"https:\/\/www.seatoursistria.com\/de\/wp-json\/wp\/v2\/product\/1298\/revisions\/1841"}],"wp:featuredmedia":[{"embeddable":true,"href":"https:\/\/www.seatoursistria.com\/de\/wp-json\/wp\/v2\/media\/1871"}],"wp:attachment":[{"href":"https:\/\/www.seatoursistria.com\/de\/wp-json\/wp\/v2\/media?parent=1298"}],"wp:term":[{"taxonomy":"product_cat","embeddable":true,"href":"https:\/\/www.seatoursistria.com\/de\/wp-json\/wp\/v2\/product_cat?post=1298"},{"taxonomy":"product_tag","embeddable":true,"href":"https:\/\/www.seatoursistria.com\/de\/wp-json\/wp\/v2\/product_tag?post=1298"}],"curies":[{"name":"wp","href":"https:\/\/api.w.org\/{rel}","templated":true}]}}