{"id":1295,"date":"2021-04-12T09:24:33","date_gmt":"2021-04-21T08:07:04","guid":{"rendered":"https:\/\/www.seatoursistria.com\/tour\/tour-privato-in-barca-alle-rocce-del-gabbiano-a-pola\/"},"modified":"2025-08-21T19:52:19","modified_gmt":"2025-08-21T19:52:19","slug":"private-bootstour-zu-den-mowenfelsen-in-pula","status":"publish","type":"product","link":"https:\/\/www.seatoursistria.com\/de\/tour\/tour-privato-in-barca-alle-rocce-del-gabbiano-a-pola\/","title":{"rendered":"Private Bootstour zu den Klippen von Seagull (Galebove stijene) in Pula"},"content":{"rendered":"<p>Diese private Bootstour von Seagull Rocks wird Ihren Tag unvergesslich machen. Seagull Rocks in Pula ist ein attraktiver und besonderer Ort.<\/p>\n<p>Die ideale Kombination aus Schwimmen, Tauchen, Adrenalin und Entspannung ist in 3 Stunden unvergesslichem Abenteuer vereint, das niemanden kalt l\u00e4sst.<\/p>\n<p>Unbewohnte Inseln, atemberaubende Natur, Schnorcheln und versteckte H\u00f6hlen mit einem kleinen Strand im Inneren machen diesen Tag unvergesslich.<\/p>\n<p>Wenn Sie die sch\u00f6nsten Str\u00e4nde von Pula erkunden m\u00f6chten, ist diese Bootstour mit Schnorcheln zum Felsen \"Scoglio del Gabbiano\" ideal f\u00fcr Sie.<\/p>\n<p>Dieses versteckte Juwel erm\u00f6glicht es Ihnen, eine der sch\u00f6nsten H\u00f6hlen Kroatiens zu erkunden. Sie m\u00fcssen sich keine Sorgen machen, wenn Ihnen die n\u00f6tige Erfahrung oder Ausr\u00fcstung fehlt, denn wir stellen Ihnen alle notwendigen Informationen und unsere Ausr\u00fcstung zur Verf\u00fcgung.<\/p>\n<h2><b>Details Tour: M\u00f6wengfelsen Bootsfahrt<br \/>\n<\/b><\/h2>\n<p>Wir starten vom Hafen von Fasana aus, wo wir mit einer einst\u00fcndigen Panoramatour zu den 14 g\u00f6ttlichen Inseln des Nationalparks Brijuni und dem Wellenbrecher von Pula beginnen.<\/p>\n<p>Wir werden unser neues exklusives Boot eine Stunde lang in der N\u00e4he der M\u00f6wenfelsen verankern, damit du in den H\u00f6hlen der M\u00f6wenfelsen schwimmen oder schnorcheln kannst.<\/p>\n<p>Du wirst dich auf den M\u00f6wenfelsen sicherlich am\u00fcsieren, denn du kannst schwimmen, die H\u00f6hle erkunden und im kristallklaren Meer schnorcheln. Nach den M\u00f6wenfelsen fahren wir weiter zur fantastischen Aussicht von Muzil \u2013 einer ehemaligen verlassenen Milit\u00e4rbasis. Eine aufregende 15-min\u00fctige Fahrt entlang der K\u00fcste. Bevor wir nach Fasana zur\u00fcckkehren, legen wir noch einen Stopp ein, als i-T\u00fcpfelchen, auf der Insel Kozada. Stell dir vor, du schnorchelst im gesch\u00fctzten Wasser des Nationalparks Brijuni.<\/p>\n<p>Hier k\u00f6nnen Sie diese verlassene Insel erkunden oder in das gesch\u00fctzte Meer des Nationalparks eintauchen, das reich an verschiedenen Fischarten ist. Nach 40 Minuten Aktivit\u00e4t auf der Insel Kozada machen wir einen Ausflug zum Hafen von Fasana.<\/p>\n<h2><b>Was ist im Preis inbegriffen?<\/b><\/h2>\n<ul>\n<li>Tauchmasken,<\/li>\n<li>Benzin,<\/li>\n<li>Skipper-Guide<\/li>\n<\/ul>\n<p>&nbsp;<\/p>","protected":false},"excerpt":{"rendered":"<p>Die private Bootstour zu den M\u00f6wenfelsen von Fa\u017eana macht Ihren Urlaub zu einem unvergesslichen Erlebnis. Erkunden Sie unglaubliche H\u00f6hlen und wundersch\u00f6ne einsame, abgelegene und etwas abenteuerliche Str\u00e4nde. Kommen Sie mit auf ein sommerliches Abenteuer voller Spa\u00df und Spannung. Diese Tour ist eine ausgezeichnete Wahl f\u00fcr Familien, kleine Freundesgruppen und Paare.<\/p>","protected":false},"featured_media":1296,"template":"","meta":{"_acf_changed":false},"product_cat":[103,102],"product_tag":[],"class_list":{"0":"post-1295","1":"product","2":"type-product","3":"status-publish","4":"has-post-thumbnail","6":"product_cat-tour-in-barca","7":"product_cat-tour-privati","9":"first","10":"instock","11":"featured","12":"virtual","13":"purchasable","14":"product-type-simple","swatches":"rey-swatches","show_selected":""},"acf":[],"_links":{"self":[{"href":"https:\/\/www.seatoursistria.com\/de\/wp-json\/wp\/v2\/product\/1295","targetHints":{"allow":["GET"]}}],"collection":[{"href":"https:\/\/www.seatoursistria.com\/de\/wp-json\/wp\/v2\/product"}],"about":[{"href":"https:\/\/www.seatoursistria.com\/de\/wp-json\/wp\/v2\/types\/product"}],"version-history":[{"count":1,"href":"https:\/\/www.seatoursistria.com\/de\/wp-json\/wp\/v2\/product\/1295\/revisions"}],"predecessor-version":[{"id":4528,"href":"https:\/\/www.seatoursistria.com\/de\/wp-json\/wp\/v2\/product\/1295\/revisions\/4528"}],"wp:featuredmedia":[{"embeddable":true,"href":"https:\/\/www.seatoursistria.com\/de\/wp-json\/wp\/v2\/media\/1296"}],"wp:attachment":[{"href":"https:\/\/www.seatoursistria.com\/de\/wp-json\/wp\/v2\/media?parent=1295"}],"wp:term":[{"taxonomy":"product_cat","embeddable":true,"href":"https:\/\/www.seatoursistria.com\/de\/wp-json\/wp\/v2\/product_cat?post=1295"},{"taxonomy":"product_tag","embeddable":true,"href":"https:\/\/www.seatoursistria.com\/de\/wp-json\/wp\/v2\/product_tag?post=1295"}],"curies":[{"name":"wp","href":"https:\/\/api.w.org\/{rel}","templated":true}]}}