{"id":1290,"date":"2021-04-12T09:44:12","date_gmt":"2021-04-21T07:50:55","guid":{"rendered":"https:\/\/www.seatoursistria.com\/tour\/tour-in-taxi-boat-a-san-girolamo\/"},"modified":"2024-06-13T04:23:18","modified_gmt":"2024-06-13T04:23:18","slug":"tour-mit-dem-wassertaxi-nach-san-girolamo","status":"publish","type":"product","link":"https:\/\/www.seatoursistria.com\/de\/tour\/tour-in-taxi-boat-a-san-girolamo\/","title":{"rendered":"Tour mit dem Taxiboot nach San Girolamo"},"content":{"rendered":"<p>Sveti Jerolim ist eine der 14 wundersch\u00f6nen Inseln des Nationalparks Brijuni. Eine Insel, auf der Ruhe und Spa\u00df herrschen, ideal zum Schwimmen und Tauchen im klaren Meer. Perfekt zum Sonnenbaden an einem der Str\u00e4nde. Die Taxiboat-Tour auf Sveti Jerolim ist immer die beste Wahl f\u00fcr Familien, kleine Freundesgruppen und Paare.<\/p>\n<p>Dank der reichen Unterwasserwelt ist Sveti Jerolim ein beliebtes Ziel zum Tauchen und Schnorcheln, also z\u00f6gern Sie nicht, in die Tiefen des magischen Meeres einzutauchen.<\/p>\n<p>Diese Tour wird seit Jahren bevorzugt, da sie sich \u00e4u\u00dferst gut an individuelle Vorlieben anpassen l\u00e4sst. Die M\u00f6glichkeit der Personalisierung ist besonders f\u00fcr Familien mit Kindern geeignet, da es keine genauen Abfahrts-, Ankunfts- oder Reisedauerzeiten gibt, sodass wir sie vollst\u00e4ndig anpassen k\u00f6nnen.<\/p>\n<p>&nbsp;<\/p>\n<h2><b>Details der Bootstour Sveti Jerolim<br \/>\n<\/b><\/h2>\n<p>Die Abfahrt findet im Hafen von Fa\u017eana statt und der Transport der Passagiere zur Insel Sveti Jerolim dauert nur etwa 10 Minuten. Dank der schnellen Ankunft am Zielort ist diese Tour besonders f\u00fcr diejenigen geeignet, die Angst vor dem Meer haben oder unter Seekrankheit leiden.<\/p>\n<p>Wenn Sie auf der Insel ankommen, werden Sie vom kristallklaren Meer und der unber\u00fchrten Natur fasziniert sein. Nach mehreren Stunden, in denen Sie die absolute Ruhe und all die Sch\u00f6nheit, die sie bietet, genossen haben, holt Sie das Boot ab, um zum Hafen von Fasana zur\u00fcckzukehren. Das Interessanteste und Vorteilhafteste an diesem Ausflug ist, dass Sie je nach Absprache mit unserem freundlichen Personal den ganzen Tag bleiben k\u00f6nnen.<\/p>\n<p>Die Tour beinhaltet absolute Privatsph\u00e4re, da alles nach Ihren Bed\u00fcrfnissen organisiert wird.<\/p>\n<h4>Hinweis:<\/h4>\n<p>Die Eintrittskarten f\u00fcr die Insel des Nationalparks sind nicht im Preis dieser Tour inbegriffen.<\/p>\n<p data-pm-slice=\"1 1 []\">\u00dcberpr\u00fcfen Sie den Preis hier: <a class=\"ProsemirrorEditor-link\" style=\"color: blue;\" href=\"https:\/\/www.seatoursistria.com\/it\/listino-prezzi-del-parco-nazionale-di-brioni\/\" target=\"_blank\" rel=\"noopener\">Brioni-Preisliste<\/a><\/p>\n<p>&nbsp;<\/p>\n<p>Mittagessen und erfrischende Getr\u00e4nke gibt es in einer nahegelegenen Bar und einem Restaurant auf der Insel.<\/p>\n<p>&nbsp;<\/p>\n<h2><b>Was ist im Preis inbegriffen?<\/b><\/h2>\n<ul>\n<li>Snack,<\/li>\n<li>Tauchmasken,<\/li>\n<li>Benzin,<\/li>\n<li>Skipper-Guide<\/li>\n<\/ul>\n<p>&nbsp;<\/p>","protected":false},"excerpt":{"rendered":"<p>Die Taxiboot-Tour nach San Gerolamo von Fa\u017eana bringt Sie zu einem der besten Orte zum Schwimmen und Schnorcheln in S\u00fcdistrien. Die Insel ist reich an vielf\u00e4ltiger Flora und Fauna, seien Sie also nicht \u00fcberrascht, wenn Sie auf Pfauen und Esel treffen. Dar\u00fcber hinaus bieten die wundersch\u00f6nen, abgelegenen Str\u00e4nde eine unbeschreibliche Ruhe und Entspannung. Diese Tour ist eine ausgezeichnete Wahl f\u00fcr Familien, kleine Freundesgruppen und Paare.<\/p>\n<p>&nbsp;<\/p>\n<p>&nbsp;<\/p>","protected":false},"featured_media":0,"template":"","meta":{"_acf_changed":false},"product_cat":[103,102],"product_tag":[],"class_list":{"0":"post-1290","1":"product","2":"type-product","3":"status-publish","5":"product_cat-tour-in-barca","6":"product_cat-tour-privati","8":"first","9":"instock","10":"featured","11":"virtual","12":"purchasable","13":"product-type-simple","swatches":"rey-swatches","show_selected":""},"acf":[],"_links":{"self":[{"href":"https:\/\/www.seatoursistria.com\/de\/wp-json\/wp\/v2\/product\/1290","targetHints":{"allow":["GET"]}}],"collection":[{"href":"https:\/\/www.seatoursistria.com\/de\/wp-json\/wp\/v2\/product"}],"about":[{"href":"https:\/\/www.seatoursistria.com\/de\/wp-json\/wp\/v2\/types\/product"}],"version-history":[{"count":0,"href":"https:\/\/www.seatoursistria.com\/de\/wp-json\/wp\/v2\/product\/1290\/revisions"}],"wp:attachment":[{"href":"https:\/\/www.seatoursistria.com\/de\/wp-json\/wp\/v2\/media?parent=1290"}],"wp:term":[{"taxonomy":"product_cat","embeddable":true,"href":"https:\/\/www.seatoursistria.com\/de\/wp-json\/wp\/v2\/product_cat?post=1290"},{"taxonomy":"product_tag","embeddable":true,"href":"https:\/\/www.seatoursistria.com\/de\/wp-json\/wp\/v2\/product_tag?post=1290"}],"curies":[{"name":"wp","href":"https:\/\/api.w.org\/{rel}","templated":true}]}}