{"id":1265,"date":"2021-04-12T09:52:39","date_gmt":"2021-04-21T07:44:42","guid":{"rendered":"https:\/\/www.seatoursistria.com\/tour\/tour-privato-in-barca-delle-isole-brioni\/"},"modified":"2025-04-11T23:44:33","modified_gmt":"2025-04-11T23:44:33","slug":"private-bootstour-zu-den-brioni-inseln","status":"publish","type":"product","link":"https:\/\/www.seatoursistria.com\/de\/tour\/tour-privato-in-barca-delle-isole-brioni\/","title":{"rendered":"Private Bootstour zu den Brioni-Inseln"},"content":{"rendered":"<p>Diese private Tour der Brioni-Inseln von Fasana ist eine gro\u00dfartige Idee f\u00fcr Familien, kleine Freundesgruppen und Paare. Dank unseres Reiseleiters werden Sie alle Aspekte und Kuriosit\u00e4ten der Brioni-Inseln entdecken und wir zeigen Ihnen alle Orte, die Sie unbedingt besuchen m\u00fcssen.<\/p>\n<p>Eine malerische Fahrt entlang 14 Inseln und Inselchen wird Sie mit einer au\u00dfergew\u00f6hnlichen Kombination aus Natur und historischem Erbe bekannt machen, die Sie atemlos zur\u00fcckl\u00e4sst, ohne zu \u00fcbertreiben.<br \/>\nWir von Sea Tours Istrien sorgen daf\u00fcr, dass Ihre Bootstour auf die Brioni-Inseln zu einer der besten Aktivit\u00e4ten in Fa\u017eana wird!<\/p>\n<p>Deshalb empfehlen wir Ihnen, Badesachen und Handt\u00fccher einzupacken und unsere private Bootstour durch den Nationalpark Brijuni zu buchen. Wir werden unser Bestes tun, um Ihnen ein unvergessliches Erlebnis zu bereiten.<\/p>\n<p>&nbsp;<\/p>\n<h2><b>Bootsrundfahrt Brioni-Inseln Details:<br \/>\n<\/b><\/h2>\n<p>Die Traumreise beginnt im Hafen von Fa\u017eana und wird von einer 40-min\u00fctigen Panoramatour aller 14 Inseln des Nationalparks Brijuni gefolgt.<\/p>\n<p>Wir werden die Panoramatour mit einem kurzen Stopp bereichern und direkt neben einer der Brioni-Inseln, Kozada, ankern. Hier k\u00f6nnen Sie im sp\u00e4ten Fr\u00fchling, Sommer und Fr\u00fchherbst im wundersch\u00f6nen kristallklaren Meer schwimmen und tauchen und die reiche Unterwasserwelt entdecken.<br \/>\nNachdem wir geschnorchelt und geschwommen sind, werden wir auf der n\u00e4chsten Insel San Girolamo anlegen.<em>Hl. Hieronymus <\/em>wo wir uns f\u00fcr zwei bis drei Stunden aufhalten werden.<\/p>\n<p>Schwimmen, Tauchen und Sonnenbaden sind offensichtlich die Gr\u00fcnde, warum Sie hier sind, aber es gibt andere Aktivit\u00e4ten, die Sie hier unternehmen k\u00f6nnen. Wenn Sie hungrig sind oder ein k\u00fchles Getr\u00e4nk wollen, gibt es auf der Insel eine Strandbar und ein Restaurant. Kinder werden von den freilaufenden Tieren wie Eseln und Pfauen begeistert sein. Alle Entdecker k\u00f6nnen auf der Insel spazieren gehen und versteckte Str\u00e4nde und Klippen entdecken. St. Jerome ist eine Insel der Ruhe und Erholung, wo die Zeit vergeht und die Natur allgegenw\u00e4rtig ist.<\/p>\n<p>&nbsp;<\/p>\n<h2><b>Was ist im Preis inbegriffen?<\/b><\/h2>\n<ul>\n<li>Tauchmasken,<\/li>\n<li>Benzin,<\/li>\n<li>Skipper-Guide<\/li>\n<\/ul>\n<p>Au\u00dferdem beinhaltet der Preis die M\u00f6glichkeit, auf der Insel Sveti Jerolim anzulegen und dort 2-3 Stunden frei und unbeschwert zu genie\u00dfen.<\/p>\n<p>&nbsp;<\/p>\n<h4>Hinweis:<\/h4>\n<p>Die Eintrittskarten f\u00fcr die Insel des Nationalparks sind nicht im Preis dieser Tour inbegriffen.<\/p>\n<p data-pm-slice=\"1 1 []\">\u00dcberpr\u00fcfen Sie den Preis hier: <a class=\"ProsemirrorEditor-link\" style=\"color: blue;\" href=\"https:\/\/www.seatoursistria.com\/it\/listino-prezzi-del-parco-nazionale-di-brioni\/\" target=\"_blank\" rel=\"noopener\">Brioni-Preisliste<\/a><\/p>\n<p>&nbsp;<\/p>\n<p>Manchmal kann die Kreuzfahrt bis zu 15 Minuten l\u00e4nger dauern.<\/p>\n<p>&nbsp;<\/p>","protected":false},"excerpt":{"rendered":"<p><strong>Die private Bootstour zu den Brioni-Inseln<\/strong> Von Fa\u017eana aus starten Sie zu einer Entdeckungsreise im Nationalpark Brijuni \u2013 oft als \u201cParadies auf Erden\u201d bezeichnet. Entdecken Sie eine der unglaublichsten Perlen des istrischen Archipels und schwimmen Sie im t\u00fcrkisfarbenen Adriatischen Meer. Unsere freundlichen Mitarbeiter erz\u00e4hlen Ihnen alle Details \u00fcber die reiche Geschichte, arch\u00e4ologische St\u00e4tten, verschiedene Pflanzen- und Tierarten und vieles mehr.<\/p>","protected":false},"featured_media":3180,"template":"","meta":{"_acf_changed":false},"product_cat":[103,102],"product_tag":[],"class_list":{"0":"post-1265","1":"product","2":"type-product","3":"status-publish","4":"has-post-thumbnail","6":"product_cat-tour-in-barca","7":"product_cat-tour-privati","9":"first","10":"instock","11":"sale","12":"featured","13":"shipping-taxable","14":"purchasable","15":"product-type-simple","swatches":"rey-swatches","show_selected":""},"acf":[],"_links":{"self":[{"href":"https:\/\/www.seatoursistria.com\/de\/wp-json\/wp\/v2\/product\/1265","targetHints":{"allow":["GET"]}}],"collection":[{"href":"https:\/\/www.seatoursistria.com\/de\/wp-json\/wp\/v2\/product"}],"about":[{"href":"https:\/\/www.seatoursistria.com\/de\/wp-json\/wp\/v2\/types\/product"}],"version-history":[{"count":2,"href":"https:\/\/www.seatoursistria.com\/de\/wp-json\/wp\/v2\/product\/1265\/revisions"}],"predecessor-version":[{"id":4401,"href":"https:\/\/www.seatoursistria.com\/de\/wp-json\/wp\/v2\/product\/1265\/revisions\/4401"}],"wp:featuredmedia":[{"embeddable":true,"href":"https:\/\/www.seatoursistria.com\/de\/wp-json\/wp\/v2\/media\/3180"}],"wp:attachment":[{"href":"https:\/\/www.seatoursistria.com\/de\/wp-json\/wp\/v2\/media?parent=1265"}],"wp:term":[{"taxonomy":"product_cat","embeddable":true,"href":"https:\/\/www.seatoursistria.com\/de\/wp-json\/wp\/v2\/product_cat?post=1265"},{"taxonomy":"product_tag","embeddable":true,"href":"https:\/\/www.seatoursistria.com\/de\/wp-json\/wp\/v2\/product_tag?post=1265"}],"curies":[{"name":"wp","href":"https:\/\/api.w.org\/{rel}","templated":true}]}}