{"id":347,"date":"2019-11-08T07:24:12","date_gmt":"2019-11-08T07:24:12","guid":{"rendered":"http:\/\/demos.reytheme.com\/stockholm\/?page_id=347"},"modified":"2021-04-12T11:02:49","modified_gmt":"2021-04-12T11:02:49","slug":"geschaftsbedingungen","status":"publish","type":"page","link":"https:\/\/www.seatoursistria.com\/de\/terms-conditions\/","title":{"rendered":"Allgemeine Gesch\u00e4ftsbedingungen"},"content":{"rendered":"<h2 class=\"fusion-responsive-typography-calculated\" data-fontsize=\"28\" data-lineheight=\"38.08px\">Annahme der Mietbedingungen<\/h2>\n<p>Diese allgemeinen Charterbedingungen regeln die Rechte und Pflichten des Mieters (nachstehend \u201cKunde\u201d) und des Vermieters (nachstehend \u201cChartergesellschaft\u201d). Sea Tours Istria wird nachstehend als \u201cSeaToursIstria\u201d oder \u201dWebseite\u201d bezeichnet. Der Kunde akzeptiert alle Mietbedingungen in seinem Namen im Namen seiner Crew. Mit der ersten Zahlung, wie im \u2018Buchungsbest\u00e4tigungsvertrag\u2019 angegeben, erkl\u00e4rt der Kunde sein Einverst\u00e4ndnis mit allen Regelungen und Bedingungen und erkennt an, dass die erste Zahlung die gleiche Bedeutung hat wie eine pers\u00f6nliche Unterschrift.<\/p>\n<h2 class=\"fusion-responsive-typography-calculated\" data-fontsize=\"28\" data-lineheight=\"38.08px\">Pflichten des Charterunternehmens<\/h2>\n<p>Der Vercharterer verpflichtet sich, dem Kunden das Boot in voll funktionsf\u00e4higem Zustand und mit kompletter Ausr\u00fcstung, einschlie\u00dflich der in der Spezifikation auf diesen Seiten geforderten, zu \u00fcbergeben. Das Boot muss sich in einwandfreiem Zustand befinden und die Wasser- und Kraftstofftanks m\u00fcssen gef\u00fcllt sein. Es muss zum vereinbarten Zeitpunkt und mit allen erforderlichen Unterlagen \u00fcbergeben werden. Sollte das Charterunternehmen aus irgendeinem Grund die oben genannten Bedingungen nicht erf\u00fcllen, hat der Kunde das Recht auf R\u00fcckerstattung der Kosten f\u00fcr alle Tage, an denen er das Boot nicht nutzen konnte. Sollte es dem Vercharterer nicht m\u00f6glich sein, dem Kunden das reservierte Boot zum vereinbarten Zeitpunkt und am vereinbarten Ort zur Verf\u00fcgung zu stellen, ist der Vercharterer verpflichtet, ein Ersatzboot mit gleicher oder besserer Ausstattung als das reservierte Boot zur Verf\u00fcgung zu stellen. Ist der Vercharterer nicht in der Lage, ein Ersatzboot zur Verf\u00fcgung zu stellen, hat der Kunde das Recht, den Vertrag zu k\u00fcndigen und die R\u00fcckerstattung des gesamten Mietbetrags oder eines Teils des Betrags f\u00fcr die Tage zu verlangen, an denen er das Boot nicht nutzen konnte. Der Kunde hat nur Anspruch auf R\u00fcckerstattung des bezahlten Mietpreises. Alle anderen Rechte sind ausgeschlossen. Bei Besch\u00e4digung des Bootes oder der Ausr\u00fcstung durch nat\u00fcrliche Ursachen ist der Kunde verpflichtet, sich unverz\u00fcglich mit dem Vercharterer in Verbindung zu setzen. Der Vercharterer ist verpflichtet, eventuelle Sch\u00e4den am Boot innerhalb von 24 Stunden zu beheben. Der Kunde hat in diesem Fall keinen Anspruch auf eine R\u00fcckerstattung.<\/p>\n<h2 class=\"fusion-responsive-typography-calculated\" data-fontsize=\"28\" data-lineheight=\"38.08px\">Pflichten des Auftraggebers<\/h2>\n<p>Sollte eine grobe Fahrl\u00e4ssigkeit oder r\u00fccksichtsloses Verhalten beim F\u00fchren des Bootes zu Sch\u00e4den an Dritten f\u00fchren, die nicht durch eine Versicherung gedeckt sind, ist der Kunde pers\u00f6nlich verpflichtet, alle materiellen und rechtlichen Kosten zu tragen, die durch diese grobe Fahrl\u00e4ssigkeit oder r\u00fccksichtsloses Verhalten entstehen. Der Kunde ist insbesondere dann verantwortlich, wenn das Boot aufgrund rechtswidriger Bootsaktivit\u00e4ten beschlagnahmt wird. Bei Sch\u00e4den und\/oder Unf\u00e4llen ist der Kunde verpflichtet, die Ereignisse zu protokollieren und bei der n\u00e4chstgelegenen Post, einem Arzt oder anderen autorisierten Personen eine schriftliche Bescheinigung anzufordern. Der Kunde ist au\u00dferdem verpflichtet, die Charterfirma \u00fcber ein solches Ereignis zu informieren. Geht das Boot verloren, wird es beschlagnahmt oder verbietet eine autorisierte Partei dessen Fahrt, ist der Kunde verpflichtet, die Charterfirma und alle anderen relevanten autorisierten Personen zu informieren.<\/p>\n<p>Alle Sch\u00e4den am Unterwasserteil, die durch grobe Fahrl\u00e4ssigkeit oder vors\u00e4tzliches Fehlverhalten des Kunden verursacht werden, werden auf Kosten des Kunden behoben.<\/p>\n<h2 class=\"fusion-responsive-typography-calculated\" data-fontsize=\"28\" data-lineheight=\"38.08px\">Bootsinspektion<\/h2>\n<p>Der Mieter ist verpflichtet, das Boot zur vereinbarten Zeit und am vereinbarten Ort an die Charterfirma zur\u00fcckzugeben. Das Boot muss sauber und unbesch\u00e4digt sein und die Treibstofftanks m\u00fcssen voll sein. Wenn der Kunde das Boot nicht zur richtigen Zeit und am richtigen Ort an die Charterfirma zur\u00fcckgibt, erkl\u00e4rt sich der Kunde damit einverstanden, 300% des Tagespreises f\u00fcr jeden \u00fcberf\u00e4lligen Tag zu zahlen, stundenweise abgerechnet. Eine versp\u00e4tete R\u00fcckgabe kann bei h\u00f6herer Gewalt gerechtfertigt sein, vorausgesetzt, der Kunde informiert die Charterfirma unverz\u00fcglich.<\/p>\n<h2 class=\"fusion-responsive-typography-calculated\" data-fontsize=\"28\" data-lineheight=\"38.08px\">Besatzung<\/h2>\n<p>Wenn der Kunde beschlie\u00dft, ein Mitglied der Besatzung (Skipper, Hostess, Koch usw.) einzustellen, ist der Kunde verpflichtet, sie gut und mit respektvollem Verhalten zu behandeln.<\/p>\n<h2 class=\"fusion-responsive-typography-calculated\" data-fontsize=\"28\" data-lineheight=\"38.08px\">Beschwerden<\/h2>\n<p>Sollte der Kunde und seine Crew w\u00e4hrend der Bootscharterzeit Reklamationen haben, sollten sie die Charterfirma und Sea Tours Istria informieren, die sich bem\u00fchen werden, alle Probleme zu l\u00f6sen.<\/p>\n<p>Nur schriftlich w\u00e4hrend der Bootspr\u00fcfung vorgebrachte Einw\u00e4nde und Beschwerden werden ber\u00fccksichtigt.<\/p>","protected":false},"excerpt":{"rendered":"<p>Acceptance of rental conditions These general charter terms and conditions regulate the rights and obligations of the lessee (referred to hereafter as the \u201cClient\u201d) and the lessor (referred to hereafter as the \u201ccharter company\u201d). Sea Tours Istria is referred to hereafter as \u201cSeaToursIstria\u201d or \u201dweb site.\u201d The Client accepts all rental conditions in his name [&hellip;]<\/p>\n","protected":false},"author":1,"featured_media":0,"parent":0,"menu_order":0,"comment_status":"closed","ping_status":"closed","template":"template-multi-cols.php","meta":{"_acf_changed":false,"footnotes":""},"class_list":["post-347","page","type-page","status-publish","hentry"],"acf":[],"_links":{"self":[{"href":"https:\/\/www.seatoursistria.com\/de\/wp-json\/wp\/v2\/pages\/347","targetHints":{"allow":["GET"]}}],"collection":[{"href":"https:\/\/www.seatoursistria.com\/de\/wp-json\/wp\/v2\/pages"}],"about":[{"href":"https:\/\/www.seatoursistria.com\/de\/wp-json\/wp\/v2\/types\/page"}],"author":[{"embeddable":true,"href":"https:\/\/www.seatoursistria.com\/de\/wp-json\/wp\/v2\/users\/1"}],"replies":[{"embeddable":true,"href":"https:\/\/www.seatoursistria.com\/de\/wp-json\/wp\/v2\/comments?post=347"}],"version-history":[{"count":4,"href":"https:\/\/www.seatoursistria.com\/de\/wp-json\/wp\/v2\/pages\/347\/revisions"}],"predecessor-version":[{"id":916,"href":"https:\/\/www.seatoursistria.com\/de\/wp-json\/wp\/v2\/pages\/347\/revisions\/916"}],"wp:attachment":[{"href":"https:\/\/www.seatoursistria.com\/de\/wp-json\/wp\/v2\/media?parent=347"}],"curies":[{"name":"wp","href":"https:\/\/api.w.org\/{rel}","templated":true}]}}