{"id":3025,"date":"2023-05-24T12:51:22","date_gmt":"2023-05-24T12:51:22","guid":{"rendered":"https:\/\/www.seatoursistria.com\/?page_id=3025"},"modified":"2023-05-24T13:33:52","modified_gmt":"2023-05-24T13:33:52","slug":"regiondo-privatebootstour-fazana-rovinj","status":"publish","type":"page","link":"https:\/\/www.seatoursistria.com\/de\/regiondo-private-boat-tour-fazana-rovinj\/","title":{"rendered":"REGIONDO \u2013 private Bootstour Fazana Rovinj"},"content":{"rendered":"<div data-elementor-type=\"wp-page\" data-elementor-id=\"3025\" class=\"elementor elementor-3025\" data-elementor-post-type=\"page\">\n\t\t\t\t\t\t<section class=\"elementor-section elementor-top-section elementor-element elementor-element-ce5dcb8 elementor-section-boxed elementor-section-height-default elementor-section-height-default\" data-id=\"ce5dcb8\" data-element_type=\"section\" data-e-type=\"section\">\n\t\t\t\t\t\t<div class=\"elementor-container elementor-column-gap-default\">\n\t\t\t\t\t<div class=\"elementor-column elementor-col-25 elementor-top-column elementor-element elementor-element-3bfa673\" data-id=\"3bfa673\" data-element_type=\"column\" data-e-type=\"column\">\n\t\t\t<div class=\"elementor-column-wrap--3bfa673 elementor-widget-wrap\">\n\t\t\t\t\t\t\t<\/div>\n\t\t<\/div>\n\t\t\t\t<div class=\"elementor-column elementor-col-25 elementor-top-column elementor-element elementor-element-d94a48b\" data-id=\"d94a48b\" data-element_type=\"column\" data-e-type=\"column\">\n\t\t\t<div class=\"elementor-column-wrap--d94a48b elementor-widget-wrap elementor-element-populated\">\n\t\t\t\t\t\t<div class=\"elementor-element elementor-element-ef32f30 elementor-widget__width-initial elementor-widget elementor-widget-text-editor\" data-id=\"ef32f30\" data-element_type=\"widget\" data-e-type=\"widget\" data-widget_type=\"text-editor.default\">\n\t\t\t\t<div class=\"elementor-widget-container\">\n\t\t\t\t\t\t\t\t\t<div><p><b>\u00a0<\/b><\/p><h1>Private Bootstour Fa\u017eana Rovinj<\/h1><p><b>\u00a0<\/b><\/p><p><b>Rovinj private Bootstour<\/b><span style=\"font-weight: 400;\"> Mittagessen im Limski kanal wird Ihren Urlaub unvergesslich machen. Der H\u00f6hepunkt dieser sechs Stunden dauernden Ausflugsfahrt ist der Besuch der \u201cStadt der Liebe\u201d, Rovinj, und ein Mittagessen im Limski Kanal, wo Sie eines der besten Fischrestaurants an der Adriak\u00fcste finden. Ein zus\u00e4tzliches, einzigartiges Erlebnis wird dieser Ausflug durch Schwimmen und Schnorcheln zwischen den Inseln von Rovinj.<\/span><\/p><h2>\u00dcber die Tour<\/h2><p><span style=\"font-weight: 400;\">Die Tour ist ideal f\u00fcr Familien und kleine Freundesgruppen. Auf der Fahrt nach Rovinj passieren Sie wundersch\u00f6ne Inseln und haben die M\u00f6glichkeit, im kristallklaren Wasser zu schwimmen. Der wohl denkw\u00fcrdigste Teil der Reise ist die Panoramatour von Rovinj, bei der unser Skipper eine kurze Pause einlegt und Ihnen erlaubt, die Stadt auf eigene Faust zu erkunden.<\/span><\/p><p><span style=\"font-weight: 400;\">Wir empfehlen Ihnen, Ihre Kamera auf der Bootstour mitzunehmen, da der Panoramablick auf Rovinj etwas ist, das Sie f\u00fcr immer in Erinnerung behalten m\u00f6chten.<\/span><\/p><p>\u00a0<\/p><\/div>\t\t\t\t\t\t\t\t<\/div>\n\t\t\t\t<\/div>\n\t\t\t\t\t<\/div>\n\t\t<\/div>\n\t\t\t\t<div class=\"elementor-column elementor-col-25 elementor-top-column elementor-element elementor-element-7c1dbd7\" data-id=\"7c1dbd7\" data-element_type=\"column\" data-e-type=\"column\">\n\t\t\t<div class=\"elementor-column-wrap--7c1dbd7 elementor-widget-wrap elementor-element-populated\">\n\t\t\t\t\t\t<div class=\"elementor-element elementor-element-39d4028 elementor-widget__width-auto elementor-absolute elementor-widget elementor-widget-html\" data-id=\"39d4028\" data-element_type=\"widget\" data-e-type=\"widget\" data-settings=\"{&quot;_position&quot;:&quot;absolute&quot;}\" data-widget_type=\"html.default\">\n\t\t\t\t<div class=\"elementor-widget-container\">\n\t\t\t\t\t<booking-widget widget-id=\"d31802b7-9718-4b59-bb49-f2a904b6a115\"><\/booking-widget><script type=\"text\/javascript\" src=\"https:\/\/widgets.regiondo.net\/booking\/v1\/booking-widget.min.js\"><\/script>\t\t\t\t<\/div>\n\t\t\t\t<\/div>\n\t\t\t\t\t<\/div>\n\t\t<\/div>\n\t\t\t\t<div class=\"elementor-column elementor-col-25 elementor-top-column elementor-element elementor-element-f16f8ca\" data-id=\"f16f8ca\" data-element_type=\"column\" data-e-type=\"column\">\n\t\t\t<div class=\"elementor-column-wrap--f16f8ca elementor-widget-wrap elementor-element-populated\">\n\t\t\t\t\t\t<div class=\"elementor-element elementor-element-cb5cc11 elementor-widget elementor-widget-spacer\" data-id=\"cb5cc11\" data-element_type=\"widget\" data-e-type=\"widget\" data-widget_type=\"spacer.default\">\n\t\t\t\t<div class=\"elementor-widget-container\">\n\t\t\t\t\t\t\t<div class=\"elementor-spacer\">\n\t\t\t<div class=\"elementor-spacer-inner\"><\/div>\n\t\t<\/div>\n\t\t\t\t\t\t<\/div>\n\t\t\t\t<\/div>\n\t\t\t\t\t<\/div>\n\t\t<\/div>\n\t\t\t\t\t<\/div>\n\t\t<\/section>\n\t\t\t\t<section class=\"elementor-section elementor-top-section elementor-element elementor-element-2916f1b elementor-section-boxed elementor-section-height-default elementor-section-height-default\" data-id=\"2916f1b\" data-element_type=\"section\" data-e-type=\"section\">\n\t\t\t\t\t\t<div class=\"elementor-container elementor-column-gap-default\">\n\t\t\t\t\t<div class=\"elementor-column elementor-col-100 elementor-top-column elementor-element elementor-element-33649e8\" data-id=\"33649e8\" data-element_type=\"column\" data-e-type=\"column\">\n\t\t\t<div class=\"elementor-column-wrap--33649e8 elementor-widget-wrap elementor-element-populated\">\n\t\t\t\t\t\t<div class=\"elementor-element elementor-element-b80f2b1 elementor-widget elementor-widget-spacer\" data-id=\"b80f2b1\" data-element_type=\"widget\" data-e-type=\"widget\" data-widget_type=\"spacer.default\">\n\t\t\t\t<div class=\"elementor-widget-container\">\n\t\t\t\t\t\t\t<div class=\"elementor-spacer\">\n\t\t\t<div class=\"elementor-spacer-inner\"><\/div>\n\t\t<\/div>\n\t\t\t\t\t\t<\/div>\n\t\t\t\t<\/div>\n\t\t\t\t\t<\/div>\n\t\t<\/div>\n\t\t\t\t\t<\/div>\n\t\t<\/section>\n\t\t\t\t<section class=\"elementor-section elementor-top-section elementor-element elementor-element-4f65039 elementor-section-boxed elementor-section-height-default elementor-section-height-default\" data-id=\"4f65039\" data-element_type=\"section\" data-e-type=\"section\">\n\t\t\t\t\t\t<div class=\"elementor-container elementor-column-gap-default\">\n\t\t\t\t\t<div class=\"elementor-column elementor-col-100 elementor-top-column elementor-element elementor-element-645f2e1\" data-id=\"645f2e1\" data-element_type=\"column\" data-e-type=\"column\">\n\t\t\t<div class=\"elementor-column-wrap--645f2e1 elementor-widget-wrap elementor-element-populated\">\n\t\t\t\t\t\t<div class=\"elementor-element elementor-element-1684d2d elementor-widget elementor-widget-image\" data-id=\"1684d2d\" data-element_type=\"widget\" data-e-type=\"widget\" data-widget_type=\"image.default\">\n\t\t\t\t<div class=\"elementor-widget-container\">\n\t\t\t\t\t\t\t\t\t\t\t\t\t\t\t<img fetchpriority=\"high\" decoding=\"async\" width=\"1000\" height=\"563\" src=\"https:\/\/www.seatoursistria.com\/wp-content\/uploads\/2022\/05\/Rovinj-private-boat-tour.jpg\" class=\"attachment-large size-large wp-image-2339\" alt=\"\" srcset=\"https:\/\/www.seatoursistria.com\/wp-content\/uploads\/2022\/05\/Rovinj-private-boat-tour.jpg 1000w, https:\/\/www.seatoursistria.com\/wp-content\/uploads\/2022\/05\/Rovinj-private-boat-tour-300x169.jpg 300w, https:\/\/www.seatoursistria.com\/wp-content\/uploads\/2022\/05\/Rovinj-private-boat-tour-768x432.jpg 768w, https:\/\/www.seatoursistria.com\/wp-content\/uploads\/2022\/05\/Rovinj-private-boat-tour-450x253.jpg 450w\" sizes=\"(max-width: 1000px) 100vw, 1000px\" \/>\t\t\t\t\t\t\t\t\t\t\t\t\t\t\t<\/div>\n\t\t\t\t<\/div>\n\t\t\t\t\t<\/div>\n\t\t<\/div>\n\t\t\t\t\t<\/div>\n\t\t<\/section>\n\t\t\t\t<section class=\"elementor-section elementor-top-section elementor-element elementor-element-221cf4f elementor-section-boxed elementor-section-height-default elementor-section-height-default\" data-id=\"221cf4f\" data-element_type=\"section\" data-e-type=\"section\">\n\t\t\t\t\t\t<div class=\"elementor-container elementor-column-gap-default\">\n\t\t\t\t\t<div class=\"elementor-column elementor-col-100 elementor-top-column elementor-element elementor-element-d3300b1\" data-id=\"d3300b1\" data-element_type=\"column\" data-e-type=\"column\">\n\t\t\t<div class=\"elementor-column-wrap--d3300b1 elementor-widget-wrap elementor-element-populated\">\n\t\t\t\t\t\t<div class=\"elementor-element elementor-element-17b73ad elementor-widget elementor-widget-spacer\" data-id=\"17b73ad\" data-element_type=\"widget\" data-e-type=\"widget\" data-widget_type=\"spacer.default\">\n\t\t\t\t<div class=\"elementor-widget-container\">\n\t\t\t\t\t\t\t<div class=\"elementor-spacer\">\n\t\t\t<div class=\"elementor-spacer-inner\"><\/div>\n\t\t<\/div>\n\t\t\t\t\t\t<\/div>\n\t\t\t\t<\/div>\n\t\t\t\t\t<\/div>\n\t\t<\/div>\n\t\t\t\t\t<\/div>\n\t\t<\/section>\n\t\t\t\t<section class=\"elementor-section elementor-top-section elementor-element elementor-element-09027dc elementor-section-boxed elementor-section-height-default elementor-section-height-default\" data-id=\"09027dc\" data-element_type=\"section\" data-e-type=\"section\">\n\t\t\t\t\t\t<div class=\"elementor-container elementor-column-gap-default\">\n\t\t\t\t\t<div class=\"elementor-column elementor-col-50 elementor-top-column elementor-element elementor-element-b35345b\" data-id=\"b35345b\" data-element_type=\"column\" data-e-type=\"column\">\n\t\t\t<div class=\"elementor-column-wrap--b35345b elementor-widget-wrap elementor-element-populated\">\n\t\t\t\t\t\t<div class=\"elementor-element elementor-element-6bb246f elementor-widget elementor-widget-spacer\" data-id=\"6bb246f\" data-element_type=\"widget\" data-e-type=\"widget\" data-widget_type=\"spacer.default\">\n\t\t\t\t<div class=\"elementor-widget-container\">\n\t\t\t\t\t\t\t<div class=\"elementor-spacer\">\n\t\t\t<div class=\"elementor-spacer-inner\"><\/div>\n\t\t<\/div>\n\t\t\t\t\t\t<\/div>\n\t\t\t\t<\/div>\n\t\t\t\t\t<\/div>\n\t\t<\/div>\n\t\t\t\t<div class=\"elementor-column elementor-col-50 elementor-top-column elementor-element elementor-element-9bf5991\" data-id=\"9bf5991\" data-element_type=\"column\" data-e-type=\"column\">\n\t\t\t<div class=\"elementor-column-wrap--9bf5991 elementor-widget-wrap elementor-element-populated\">\n\t\t\t\t\t\t<div class=\"elementor-element elementor-element-cf621f9 elementor-widget elementor-widget-text-editor\" data-id=\"cf621f9\" data-element_type=\"widget\" data-e-type=\"widget\" data-widget_type=\"text-editor.default\">\n\t\t\t\t<div class=\"elementor-widget-container\">\n\t\t\t\t\t\t\t\t\t<h2>Details zur Bootsfahrt in Rovinj:<\/h2><p>Die Liebesfahrt beginnt gegen 11 Uhr in Fa\u017eana, von wo aus wir mit unserem voll ausgestatteten und luxuri\u00f6sen Boot auslaufen. Nach einer 30-min\u00fctigen Fahrt legen wir auf halbem Weg eine Pause ein, in der Sie 30 Minuten Zeit zum Entspannen und Schwimmen auf den wundervollen Inseln \u201cZwei Schwestern\u201d (kroatisch: Dvije Sestrice) haben. Wir setzen unsere Reise f\u00fcr weitere 20 Minuten nach Rovinj fort. W\u00e4hrend einer 15-min\u00fctigen Panoramatour durch die Stadt genie\u00dfen Sie den unglaublichen Blick auf die alten H\u00e4user am Meer. Unser Skipper wird im Stadtzentrum anlegen, damit Sie die historischen Geb\u00e4ude und kleinen Gassen von Rovinj erkunden k\u00f6nnen.<\/p><p>Wir werden unsere Fahrt f\u00fcr weitere 45 Minuten fortsetzen, w\u00e4hrend der Sie die atemberaubende Landschaft des Limfjords genie\u00dfen k\u00f6nnen. Das Restaurant \u201cViking\u201d, eines der besten Fischrestaurants in Kroatien, befindet sich am Ende des 13 Kilometer langen Fjords. Nach dem Mittagessen legen wir auf der Insel Sv. Andrija eine kurze Erfrischungspause ein, bevor wir zur\u00fcckkehren.\u00a0\u00a0<\/p>\t\t\t\t\t\t\t\t<\/div>\n\t\t\t\t<\/div>\n\t\t\t\t\t<\/div>\n\t\t<\/div>\n\t\t\t\t\t<\/div>\n\t\t<\/section>\n\t\t\t\t<section class=\"elementor-section elementor-top-section elementor-element elementor-element-f973ab4 elementor-section-boxed elementor-section-height-default elementor-section-height-default\" data-id=\"f973ab4\" data-element_type=\"section\" data-e-type=\"section\">\n\t\t\t\t\t\t<div class=\"elementor-container elementor-column-gap-default\">\n\t\t\t\t\t<div class=\"elementor-column elementor-col-100 elementor-top-column elementor-element elementor-element-98ef471\" data-id=\"98ef471\" data-element_type=\"column\" data-e-type=\"column\">\n\t\t\t<div class=\"elementor-column-wrap--98ef471 elementor-widget-wrap elementor-element-populated\">\n\t\t\t\t\t\t<div class=\"elementor-element elementor-element-f91fc39 elementor-widget elementor-widget-spacer\" data-id=\"f91fc39\" data-element_type=\"widget\" data-e-type=\"widget\" data-widget_type=\"spacer.default\">\n\t\t\t\t<div class=\"elementor-widget-container\">\n\t\t\t\t\t\t\t<div class=\"elementor-spacer\">\n\t\t\t<div class=\"elementor-spacer-inner\"><\/div>\n\t\t<\/div>\n\t\t\t\t\t\t<\/div>\n\t\t\t\t<\/div>\n\t\t\t\t\t<\/div>\n\t\t<\/div>\n\t\t\t\t\t<\/div>\n\t\t<\/section>\n\t\t\t\t<section class=\"elementor-section elementor-top-section elementor-element elementor-element-bbd5f8a elementor-section-boxed elementor-section-height-default elementor-section-height-default\" data-id=\"bbd5f8a\" data-element_type=\"section\" data-e-type=\"section\">\n\t\t\t\t\t\t<div class=\"elementor-container elementor-column-gap-default\">\n\t\t\t\t\t<div class=\"elementor-column elementor-col-50 elementor-top-column elementor-element elementor-element-5f4c16f\" data-id=\"5f4c16f\" data-element_type=\"column\" data-e-type=\"column\">\n\t\t\t<div class=\"elementor-column-wrap--5f4c16f elementor-widget-wrap elementor-element-populated\">\n\t\t\t\t\t\t<div class=\"elementor-element elementor-element-e356e70 elementor-widget elementor-widget-text-editor\" data-id=\"e356e70\" data-element_type=\"widget\" data-e-type=\"widget\" data-widget_type=\"text-editor.default\">\n\t\t\t\t<div class=\"elementor-widget-container\">\n\t\t\t\t\t\t\t\t\t<h2>\u00a0<\/h2><h2><b>Was ist im Preis inbegriffen?<\/b><\/h2><ul><li>Benzin,<\/li><li>Erfrischungsgetr\u00e4nke,<\/li><li>Tauchmasken,<\/li><li>Skipper-Ratgeber<\/li><\/ul><h2><b>Unser Rat:<\/b><\/h2><p>Nimm Sonnencreme mit, da die Bootstour l\u00e4nger als 6 Stunden in der Sonne dauern kann.<\/p>\t\t\t\t\t\t\t\t<\/div>\n\t\t\t\t<\/div>\n\t\t\t\t\t<\/div>\n\t\t<\/div>\n\t\t\t\t<div class=\"elementor-column elementor-col-50 elementor-top-column elementor-element elementor-element-74ee55e\" data-id=\"74ee55e\" data-element_type=\"column\" data-e-type=\"column\">\n\t\t\t<div class=\"elementor-column-wrap--74ee55e elementor-widget-wrap elementor-element-populated\">\n\t\t\t\t\t\t<div class=\"elementor-element elementor-element-0ec8ac3 elementor-widget elementor-widget-image\" data-id=\"0ec8ac3\" data-element_type=\"widget\" data-e-type=\"widget\" data-settings=\"{&quot;_animation&quot;:&quot;none&quot;}\" data-widget_type=\"image.default\">\n\t\t\t\t<div class=\"elementor-widget-container\">\n\t\t\t\t\t\t\t\t\t\t\t\t\t\t\t<img decoding=\"async\" width=\"1024\" height=\"692\" src=\"https:\/\/www.seatoursistria.com\/wp-content\/uploads\/2022\/06\/DSC01010seatours-1024x692.jpg\" class=\"attachment-large size-large wp-image-2471\" alt=\"\" srcset=\"https:\/\/www.seatoursistria.com\/wp-content\/uploads\/2022\/06\/DSC01010seatours-1024x692.jpg 1024w, https:\/\/www.seatoursistria.com\/wp-content\/uploads\/2022\/06\/DSC01010seatours-300x203.jpg 300w, https:\/\/www.seatoursistria.com\/wp-content\/uploads\/2022\/06\/DSC01010seatours-768x519.jpg 768w, https:\/\/www.seatoursistria.com\/wp-content\/uploads\/2022\/06\/DSC01010seatours-450x304.jpg 450w, https:\/\/www.seatoursistria.com\/wp-content\/uploads\/2022\/06\/DSC01010seatours-1080x730.jpg 1080w, https:\/\/www.seatoursistria.com\/wp-content\/uploads\/2022\/06\/DSC01010seatours.jpg 1200w\" sizes=\"(max-width: 1024px) 100vw, 1024px\" \/>\t\t\t\t\t\t\t\t\t\t\t\t\t\t\t<\/div>\n\t\t\t\t<\/div>\n\t\t\t\t\t<\/div>\n\t\t<\/div>\n\t\t\t\t\t<\/div>\n\t\t<\/section>\n\t\t\t\t<\/div>","protected":false},"excerpt":{"rendered":"<p>\u00a0 Private boat tour Fazana Rovinj \u00a0 Rovinj private boat tour with lunch in Lim fjord will make your vacation unforgettable. The highlight of this six-hour excursion is a visit to the \u201cCity of Love,\u201d Rovinj, and a stop for lunch in Lim fjord, where you will find one of the greatest seafood restaurants on [&hellip;]<\/p>\n","protected":false},"author":7,"featured_media":0,"parent":0,"menu_order":0,"comment_status":"closed","ping_status":"closed","template":"","meta":{"_acf_changed":false,"footnotes":""},"class_list":["post-3025","page","type-page","status-publish","hentry"],"acf":[],"_links":{"self":[{"href":"https:\/\/www.seatoursistria.com\/de\/wp-json\/wp\/v2\/pages\/3025","targetHints":{"allow":["GET"]}}],"collection":[{"href":"https:\/\/www.seatoursistria.com\/de\/wp-json\/wp\/v2\/pages"}],"about":[{"href":"https:\/\/www.seatoursistria.com\/de\/wp-json\/wp\/v2\/types\/page"}],"author":[{"embeddable":true,"href":"https:\/\/www.seatoursistria.com\/de\/wp-json\/wp\/v2\/users\/7"}],"replies":[{"embeddable":true,"href":"https:\/\/www.seatoursistria.com\/de\/wp-json\/wp\/v2\/comments?post=3025"}],"version-history":[{"count":29,"href":"https:\/\/www.seatoursistria.com\/de\/wp-json\/wp\/v2\/pages\/3025\/revisions"}],"predecessor-version":[{"id":3031,"href":"https:\/\/www.seatoursistria.com\/de\/wp-json\/wp\/v2\/pages\/3025\/revisions\/3031"}],"wp:attachment":[{"href":"https:\/\/www.seatoursistria.com\/de\/wp-json\/wp\/v2\/media?parent=3025"}],"curies":[{"name":"wp","href":"https:\/\/api.w.org\/{rel}","templated":true}]}}