{"id":4410,"date":"2025-04-17T09:24:04","date_gmt":"2025-04-17T09:24:04","guid":{"rendered":"https:\/\/www.seatoursistria.com\/?post_type=product&#038;p=4410"},"modified":"2026-04-27T06:58:14","modified_gmt":"2026-04-27T06:58:14","slug":"pronajem-lodi-bazant","status":"publish","type":"product","link":"https:\/\/www.seatoursistria.com\/cs\/tour\/renta-a-boat-fazana\/","title":{"rendered":"P\u016fj\u010dovna lod\u00ed Fa\u017eana"},"content":{"rendered":"<p>Pron\u00e1jem lod\u00ed ve Fa\u017ean\u011b \u2013 s kapit\u00e1nem nebo bez n\u011bj<br \/>\nObjevte kr\u00e1sy istrijsk\u00e9ho pob\u0159e\u017e\u00ed s na\u0161\u00ed p\u016fj\u010dovnou lod\u00ed ve Fa\u017ean\u011b. A\u0165 u\u017e jste zku\u0161en\u00fd jachta\u0159, nebo d\u00e1v\u00e1te p\u0159ednost relaxa\u010dn\u00edmu dni na mo\u0159i s profesion\u00e1ln\u00edm kapit\u00e1nem, nab\u00edz\u00edme flexibiln\u00ed mo\u017enosti p\u0159izp\u016fsoben\u00e9 va\u0161im pot\u0159eb\u00e1m.<\/p>\n<p>Z na\u0161\u00ed lokality m\u016f\u017eete snadno prozkoumat nedalek\u00fd n\u00e1rodn\u00ed park Brijuni, zn\u00e1m\u00fd svou nedot\u010denou p\u0159\u00edrodou a k\u0159i\u0161\u0165\u00e1lov\u011b \u010distou vodou. Je\u010fte na sever a u\u017eijte si malebnou plavbu do okouzluj\u00edc\u00edho m\u011bsta Rovinj, proslul\u00e9ho sv\u00fdm barevn\u00fdm Star\u00fdm m\u011bstem. Pokud se rozhodnete vydat na jih, m\u016f\u017eete objevit mys Kamenjak \u2013 p\u0159\u00edrodn\u00ed park s drsn\u00fdmi \u00fatesy, skryt\u00fdmi z\u00e1tokami a jednou z nej\u010dist\u0161\u00edch vod v regionu. Nav\u0161t\u00edvit tak\u00e9 m\u016f\u017eete historick\u00e9 m\u011bsto Pula s jeho starov\u011bk\u00fdm \u0159\u00edmsk\u00fdm amfite\u00e1trem.<\/p>\n<p>Pron\u00e1jem lodi s n\u00e1mi je dokonal\u00fdm zp\u016fsobem, jak si prohl\u00e9dnout istrijsk\u00e9 pob\u0159e\u017e\u00ed sv\u00fdm vlastn\u00edm tempem.<\/p>\n<h4>Detaily<\/h4>\n<p><strong>M\u00edsto:<\/strong> Luka Fa\u017eana<br \/>\n<strong>Model:<\/strong> Otev\u0159\u00edt 605<br \/>\n<strong>D\u00e9lka: (m)<\/strong> 5.97<br \/>\n<strong>N\u00e1vrh (m):<\/strong> 0.7<br \/>\n<strong>\u0160\u00ed\u0159ka (m):<\/strong> 2.35<br \/>\n<strong>Kapacita:<\/strong> 7 osob<br \/>\n<strong>Motor:<\/strong> Merkur XL<br \/>\n<strong>V\u00fdkon:<\/strong> 150 kon\u00ed<br \/>\n<strong>Typ:<\/strong> 4taktn\u00ed<br \/>\n<strong>Typ paliva:<\/strong> Benz\u00edn<br \/>\n<strong>Vklad (eur):<\/strong> 300<br \/>\n<strong>Vybaven\u00ed:<\/strong> Z\u00e1st\u011bna Bimini, kotva, st\u016fl, GPS, sprcha, r\u00e1dio, prodlou\u017een\u00e1 opalovac\u00ed plocha, naviga\u010dn\u00ed sv\u011btlo<\/p>\n<h2>Ceny<\/h2>\n<table>\n<tbody>\n<tr>\n<th>Te\u010dka<\/th>\n<th>Cel\u00fd den (euro)<\/th>\n<th>P\u016fl dne (euro)<\/th>\n<\/tr>\n<tr>\n<td>01.05 \u2013 31.05<\/td>\n<td>200<\/td>\n<td>180<\/td>\n<\/tr>\n<tr>\n<td>01.06 \u2013 14.06<\/td>\n<td>220<\/td>\n<td>180<\/td>\n<\/tr>\n<tr>\n<td>15.06 \u2013 02.07<\/td>\n<td>260<\/td>\n<td>200<\/td>\n<\/tr>\n<tr>\n<td>03.07 \u2013 31.08<\/td>\n<td>310<\/td>\n<td>240<\/td>\n<\/tr>\n<\/tbody>\n<\/table>\n<p>&nbsp;<\/p>","protected":false},"excerpt":{"rendered":"<p>Objevte vzru\u0161en\u00ed z prozkoum\u00e1v\u00e1n\u00ed Jadranu s na\u0161\u00ed p\u016fj\u010dovnou lod\u00ed Quicksilver 605 Activ ve Fa\u017ean\u011b! Tato prostorn\u00e1 5,97m lo\u010f, ide\u00e1ln\u00ed a\u017e pro 7 osob, disponuje motorem Mercury o v\u00fdkonu 150 kon\u00ed, GPS, st\u0159\u00ed\u0161kou bimini a prodlou\u017eenou opalovac\u00ed plochou pro maxim\u00e1ln\u00ed pohodl\u00ed. Ide\u00e1ln\u00ed pro celodenn\u00ed v\u00fdlety nebo p\u016fldenn\u00ed dobrodru\u017estv\u00ed, vychutnejte si k\u0159i\u0161\u0165\u00e1lov\u00e9 vody v bl\u00edzkosti Fa\u017eany vlastn\u00edm tempem. Rezervujte si nyn\u00ed nezapomenuteln\u00fd pob\u0159e\u017en\u00ed z\u00e1\u017eitek!<\/p>","protected":false},"featured_media":3136,"template":"","meta":{"_acf_changed":false},"product_cat":[199],"product_tag":[],"class_list":{"0":"post-4410","1":"product","2":"type-product","3":"status-publish","4":"has-post-thumbnail","6":"product_cat-skipper-course","8":"first","9":"instock","10":"featured","11":"virtual","12":"purchasable","13":"product-type-simple","swatches":"rey-swatches","show_selected":""},"acf":[],"_links":{"self":[{"href":"https:\/\/www.seatoursistria.com\/cs\/wp-json\/wp\/v2\/product\/4410","targetHints":{"allow":["GET"]}}],"collection":[{"href":"https:\/\/www.seatoursistria.com\/cs\/wp-json\/wp\/v2\/product"}],"about":[{"href":"https:\/\/www.seatoursistria.com\/cs\/wp-json\/wp\/v2\/types\/product"}],"version-history":[{"count":19,"href":"https:\/\/www.seatoursistria.com\/cs\/wp-json\/wp\/v2\/product\/4410\/revisions"}],"predecessor-version":[{"id":4481,"href":"https:\/\/www.seatoursistria.com\/cs\/wp-json\/wp\/v2\/product\/4410\/revisions\/4481"}],"wp:featuredmedia":[{"embeddable":true,"href":"https:\/\/www.seatoursistria.com\/cs\/wp-json\/wp\/v2\/media\/3136"}],"wp:attachment":[{"href":"https:\/\/www.seatoursistria.com\/cs\/wp-json\/wp\/v2\/media?parent=4410"}],"wp:term":[{"taxonomy":"product_cat","embeddable":true,"href":"https:\/\/www.seatoursistria.com\/cs\/wp-json\/wp\/v2\/product_cat?post=4410"},{"taxonomy":"product_tag","embeddable":true,"href":"https:\/\/www.seatoursistria.com\/cs\/wp-json\/wp\/v2\/product_tag?post=4410"}],"curies":[{"name":"wp","href":"https:\/\/api.w.org\/{rel}","templated":true}]}}