{"id":344,"date":"2019-11-08T07:23:38","date_gmt":"2019-11-08T07:23:38","guid":{"rendered":"http:\/\/demos.reytheme.com\/stockholm\/?page_id=344"},"modified":"2021-04-12T11:06:29","modified_gmt":"2021-04-12T11:06:29","slug":"zasady-ochrany-osobnich-udaju","status":"publish","type":"page","link":"https:\/\/www.seatoursistria.com\/cs\/privacy-policy\/","title":{"rendered":"Z\u00e1sady ochrany osobn\u00edch \u00fadaj\u016f"},"content":{"rendered":"<p>Sea Tours Istria (\u201cmy\u201d, \u201cn\u00e1m\u201d nebo \u201cna\u0161e\u201d) provozuje <a href=\"https:\/\/www.seatoursistria.com\/cs\/\" target=\"_blank\" rel=\"noopener\">https:\/\/www.seatoursistria.com\/<\/a> webov\u00e9 str\u00e1nky (d\u00e1le jen \u201cSlu\u017eba\u201d).<\/p>\n<p>Tato str\u00e1nka v\u00e1s informuje o na\u0161ich z\u00e1sad\u00e1ch t\u00fdkaj\u00edc\u00edch se shroma\u017e\u010fov\u00e1n\u00ed, pou\u017e\u00edv\u00e1n\u00ed a zp\u0159\u00edstup\u0148ov\u00e1n\u00ed osobn\u00edch \u00fadaj\u016f p\u0159i vyu\u017e\u00edv\u00e1n\u00ed na\u0161\u00ed Slu\u017eby a o mo\u017enostech, kter\u00e9 m\u00e1te v souvislosti s t\u011bmito \u00fadaji. Na\u0161e z\u00e1sady ochrany osobn\u00edch \u00fadaj\u016f pro Sea Tours Istria jsou zalo\u017eeny na <a href=\"https:\/\/www.freeprivacypolicy.com\/blog\/sample-privacy-policy-template\/\" target=\"_blank\" rel=\"noopener\">Bezplatn\u00e1 \u0161ablona z\u00e1sad ochrany osobn\u00edch \u00fadaj\u016f pro webov\u00e9 str\u00e1nky<\/a>.<\/p>\n<p>Va\u0161e \u00fadaje pou\u017e\u00edv\u00e1me k poskytov\u00e1n\u00ed a vylep\u0161ov\u00e1n\u00ed Slu\u017eby. Pou\u017e\u00edv\u00e1n\u00edm Slu\u017eby souhlas\u00edte se shroma\u017e\u010fov\u00e1n\u00edm a pou\u017e\u00edv\u00e1n\u00edm informac\u00ed v souladu s t\u011bmito z\u00e1sadami. Pokud nen\u00ed v t\u011bchto Z\u00e1sad\u00e1ch ochrany osobn\u00edch \u00fadaj\u016f uvedeno jinak, pojmy pou\u017eit\u00e9 v t\u011bchto Z\u00e1sad\u00e1ch ochrany osobn\u00edch \u00fadaj\u016f maj\u00ed stejn\u00e9 v\u00fdznamy jako v na\u0161ich Smluvn\u00edch podm\u00ednk\u00e1ch, p\u0159\u00edstupn\u00fdch z <a href=\"https:\/\/www.seatoursistria.com\/cs\/\">https:\/\/www.seatoursistria.com\/<\/a><\/p>\n<h2 class=\"fusion-responsive-typography-calculated\" data-fontsize=\"28\" data-lineheight=\"38.08px\">Sb\u011br a pou\u017e\u00edv\u00e1n\u00ed informac\u00ed<\/h2>\n<p>Shroma\u017e\u010fujeme n\u011bkolik r\u016fzn\u00fdch typ\u016f informac\u00ed pro r\u016fzn\u00e9 \u00fa\u010dely, abychom v\u00e1m mohli poskytovat a vylep\u0161ovat na\u0161i Slu\u017ebu.<\/p>\n<h3 class=\"fusion-responsive-typography-calculated\" data-fontsize=\"24\" data-lineheight=\"48px\">Typy shroma\u017e\u010fovan\u00fdch dat<\/h3>\n<h4 class=\"fusion-responsive-typography-calculated\" data-fontsize=\"18\" data-lineheight=\"19.98px\">Osobn\u00ed \u00fadaje<\/h4>\n<p>P\u0159i pou\u017e\u00edv\u00e1n\u00ed Na\u0161\u00ed Slu\u017eby v\u00e1s m\u016f\u017eeme po\u017e\u00e1dat o poskytnut\u00ed ur\u010dit\u00fdch osobn\u011b identifikovateln\u00fdch informac\u00ed, kter\u00e9 mohou b\u00fdt pou\u017eity k va\u0161emu kontaktov\u00e1n\u00ed nebo identifikaci (\u201cOsobn\u00ed \u00fadaje\u201d). Osobn\u011b identifikovateln\u00e9 informace mohou zahrnovat, ale nejsou omezeny na:<\/p>\n<ul>\n<li>E-mailov\u00e1 adresa<\/li>\n<li>Jm\u00e9no a p\u0159\u00edjmen\u00ed<\/li>\n<li>Telefonn\u00ed \u010d\u00edslo<\/li>\n<li>Adresa, St\u00e1t, Provincie, PS\u010c, M\u011bsto<\/li>\n<li>Cookies a \u00fadaje o pou\u017e\u00edv\u00e1n\u00ed<\/li>\n<\/ul>\n<h4 class=\"fusion-responsive-typography-calculated\" data-fontsize=\"18\" data-lineheight=\"19.98px\">\u00dadaje o vyu\u017eit\u00ed<\/h4>\n<p>M\u016f\u017eeme tak\u00e9 shroma\u017e\u010fovat informace o tom, jak je Slu\u017eba zp\u0159\u00edstup\u0148ov\u00e1na a pou\u017e\u00edv\u00e1na (\u201c\u00dadaje o pou\u017e\u00edv\u00e1n\u00ed\u201d). Tyto \u00dadaje o pou\u017e\u00edv\u00e1n\u00ed mohou zahrnovat informace, jako je adresa protokolu internetu va\u0161eho po\u010d\u00edta\u010de (nap\u0159. IP adresa), typ prohl\u00ed\u017ee\u010de, verze prohl\u00ed\u017ee\u010de, str\u00e1nky na\u0161\u00ed Slu\u017eby, kter\u00e9 nav\u0161t\u00edv\u00edte, \u010das a datum va\u0161\u00ed n\u00e1v\u0161t\u011bvy, \u010das str\u00e1ven\u00fd na t\u011bchto str\u00e1nk\u00e1ch, jedine\u010dn\u00e9 identifik\u00e1tory za\u0159\u00edzen\u00ed a dal\u0161\u00ed diagnostick\u00e1 data.<\/p>\n<h4 class=\"fusion-responsive-typography-calculated\" data-fontsize=\"18\" data-lineheight=\"19.98px\">Sledov\u00e1n\u00ed a data z cookies<\/h4>\n<p>Pou\u017e\u00edv\u00e1me soubory cookie a podobn\u00e9 sledovac\u00ed technologie ke sledov\u00e1n\u00ed aktivity na na\u0161\u00ed slu\u017eb\u011b a uchov\u00e1v\u00e1n\u00ed ur\u010dit\u00fdch informac\u00ed.<\/p>\n<p>Soubory cookie jsou soubory s mal\u00fdm mno\u017estv\u00edm dat, kter\u00e1 mohou obsahovat anonymn\u00ed jedine\u010dn\u00fd identifik\u00e1tor. Soubory cookie jsou odes\u00edl\u00e1ny do va\u0161eho prohl\u00ed\u017ee\u010de z webov\u00fdch str\u00e1nek a ukl\u00e1d\u00e1ny do va\u0161eho za\u0159\u00edzen\u00ed. Pou\u017e\u00edvaj\u00ed se tak\u00e9 sledovac\u00ed technologie, jako jsou maj\u00e1ky, zna\u010dky a skripty, ke shroma\u017e\u010fov\u00e1n\u00ed a sledov\u00e1n\u00ed informac\u00ed a ke zlep\u0161ov\u00e1n\u00ed a anal\u00fdze na\u0161\u00ed slu\u017eby.<\/p>\n<p>Sv\u016fj prohl\u00ed\u017ee\u010d m\u016f\u017eete nastavit tak, aby odm\u00edtal v\u0161echny soubory cookie, nebo aby v\u00e1s upozornil, kdy\u017e je soubor cookie odes\u00edl\u00e1n. Pokud v\u0161ak nep\u0159ijmete soubory cookie, nemus\u00ed b\u00fdt n\u011bkter\u00e9 \u010d\u00e1sti na\u0161\u00ed Slu\u017eby pro v\u00e1s funk\u010dn\u00ed.<\/p>\n<p>P\u0159\u00edklady soubor\u016f cookie, kter\u00e9 pou\u017e\u00edv\u00e1me:<\/p>\n<ul>\n<li><strong>Cookies relace.<\/strong>\u00a0Pou\u017e\u00edv\u00e1me rela\u010dn\u00ed soubory cookie pro provoz na\u0161\u00ed Slu\u017eby.<\/li>\n<li><strong>Preferen\u010dn\u00ed cookies.<\/strong>\u00a0Pou\u017e\u00edv\u00e1me preferen\u010dn\u00ed soubory cookies k zapamatov\u00e1n\u00ed va\u0161ich preferenc\u00ed a r\u016fzn\u00fdch nastaven\u00ed.<\/li>\n<li><strong>Bezpe\u010dnostn\u00ed soubory cookie.<\/strong>\u00a0Pou\u017e\u00edv\u00e1me bezpe\u010dnostn\u00ed cookies pro \u00fa\u010dely zabezpe\u010den\u00ed.<\/li>\n<\/ul>\n<h2 class=\"fusion-responsive-typography-calculated\" data-fontsize=\"28\" data-lineheight=\"38.08px\">Pou\u017eit\u00ed dat<\/h2>\n<p>Sea Tours Istria pou\u017e\u00edv\u00e1 shrom\u00e1\u017ed\u011bn\u00e1 data pro r\u016fzn\u00e9 \u00fa\u010dely:<\/p>\n<ul>\n<li>Poskytovat a udr\u017eovat Slu\u017ebu<\/li>\n<li>Abychom v\u00e1s informovali o zm\u011bn\u00e1ch na\u0161\u00ed slu\u017eby<\/li>\n<li>Abyste se mohli \u00fa\u010dastnit interaktivn\u00edch funkc\u00ed na\u0161\u00ed Slu\u017eby, pokud se tak rozhodnete<\/li>\n<li>Poskytovat z\u00e1kaznickou p\u00e9\u010di a podporu<\/li>\n<li>Poskytnout anal\u00fdzu nebo cenn\u00e9 informace, abychom mohli slu\u017ebu zlep\u0161it<\/li>\n<li>Monitorovat vyu\u017eit\u00ed Slu\u017eby<\/li>\n<li>Detekovat, p\u0159edch\u00e1zet a \u0159e\u0161it technick\u00e9 probl\u00e9my<\/li>\n<\/ul>\n<h2 class=\"fusion-responsive-typography-calculated\" data-fontsize=\"28\" data-lineheight=\"38.08px\">P\u0159enos dat<\/h2>\n<p>Va\u0161e informace, v\u010detn\u011b osobn\u00edch \u00fadaj\u016f, mohou b\u00fdt p\u0159eneseny a uchov\u00e1v\u00e1ny na po\u010d\u00edta\u010d\u00edch um\u00edst\u011bn\u00fdch mimo v\u00e1\u0161 st\u00e1t, provincii, zemi nebo jinou jurisdikci, kde se z\u00e1kony na ochranu \u00fadaj\u016f mohou li\u0161it od z\u00e1kon\u016f va\u0161\u00ed jurisdikce.<\/p>\n<p>Pokud se nach\u00e1z\u00edte mimo Chorvatsko a rozhodnete se n\u00e1m poskytnout informace, vezm\u011bte pros\u00edm na v\u011bdom\u00ed, \u017ee data, v\u010detn\u011b osobn\u00edch \u00fadaj\u016f, p\u0159en\u00e1\u0161\u00edme do Chorvatska a tam je zpracov\u00e1v\u00e1me.<\/p>\n<p>V\u00e1\u0161 souhlas s t\u011bmito Z\u00e1sadami ochrany osobn\u00edch \u00fadaj\u016f a n\u00e1sledn\u00e9 odesl\u00e1n\u00ed informac\u00ed p\u0159edstavuje v\u00e1\u0161 souhlas s t\u00edmto p\u0159enosem.<\/p>\n<p>Sea Tours Istria podnikne v\u0161echny p\u0159im\u011b\u0159en\u011b nezbytn\u00e9 kroky k zaji\u0161t\u011bn\u00ed bezpe\u010dn\u00e9ho nakl\u00e1d\u00e1n\u00ed s va\u0161imi \u00fadaji v souladu s t\u00edmto Z\u00e1sadami ochrany osobn\u00edch \u00fadaj\u016f a nep\u0159ed\u00e1 va\u0161e osobn\u00ed \u00fadaje \u017e\u00e1dn\u00e9 organizaci ani zemi, pokud nebudou zavedeny odpov\u00eddaj\u00edc\u00ed kontroly v\u010detn\u011b zabezpe\u010den\u00ed va\u0161ich \u00fadaj\u016f a dal\u0161\u00edch osobn\u00edch informac\u00ed.<\/p>\n<h2 class=\"fusion-responsive-typography-calculated\" data-fontsize=\"28\" data-lineheight=\"38.08px\">Zve\u0159ejn\u011bn\u00ed \u00fadaj\u016f<\/h2>\n<h3 class=\"fusion-responsive-typography-calculated\" data-fontsize=\"24\" data-lineheight=\"48px\">Pr\u00e1vn\u00ed po\u017eadavky<\/h3>\n<p>Sea Tours Istria m\u016f\u017ee va\u0161e osobn\u00ed \u00fadaje zve\u0159ejnit v dobr\u00e9 v\u00ed\u0159e, \u017ee takov\u00fd krok je nezbytn\u00fd k:<\/p>\n<ul>\n<li>Splnit z\u00e1konnou povinnost<\/li>\n<li>Na ochranu a obranu pr\u00e1v nebo majetku spole\u010dnosti Sea Tours Istria<\/li>\n<li>Aby se zabr\u00e1nilo nebo vy\u0161et\u0159ilo p\u0159\u00edpadn\u00e9 pochyben\u00ed ve spojitosti se Slu\u017ebou<\/li>\n<li>K ochran\u011b osobn\u00ed bezpe\u010dnosti u\u017eivatel\u016f Slu\u017eby nebo ve\u0159ejnosti<\/li>\n<li>Ochrana proti pr\u00e1vn\u00ed odpov\u011bdnosti<\/li>\n<\/ul>\n<h2 class=\"fusion-responsive-typography-calculated\" data-fontsize=\"28\" data-lineheight=\"38.08px\">Bezpe\u010dnost dat<\/h2>\n<p>Bezpe\u010dnost va\u0161ich dat je pro n\u00e1s d\u016fle\u017eit\u00e1, ale pamatujte, \u017ee \u017e\u00e1dn\u00e1 metoda p\u0159enosu p\u0159es internet ani elektronick\u00e9ho ukl\u00e1d\u00e1n\u00ed nen\u00ed 100% bezpe\u010dn\u00e1. A\u010dkoli se sna\u017e\u00edme vyu\u017e\u00edvat komer\u010dn\u011b p\u0159ijateln\u00e9 prost\u0159edky k ochran\u011b va\u0161ich osobn\u00edch \u00fadaj\u016f, nem\u016f\u017eeme zaru\u010dit jejich absolutn\u00ed bezpe\u010dnost.<\/p>\n<h2 class=\"fusion-responsive-typography-calculated\" data-fontsize=\"28\" data-lineheight=\"38.08px\">Poskytovatel\u00e9 slu\u017eeb<\/h2>\n<p>M\u016f\u017eeme vyu\u017e\u00edvat extern\u00ed spole\u010dnosti a jednotlivce pro usnadn\u011bn\u00ed na\u0161\u00ed Slu\u017eby (\u201cPoskytovatel\u00e9 slu\u017eeb\u201d), pro poskytov\u00e1n\u00ed Slu\u017eby na\u0161\u00edm jm\u00e9nem, pro prov\u00e1d\u011bn\u00ed slu\u017eeb souvisej\u00edc\u00edch se Slu\u017ebou nebo pro pomoc p\u0159i anal\u00fdze toho, jak je na\u0161e Slu\u017eba vyu\u017e\u00edv\u00e1na.<\/p>\n<p>Tyto t\u0159et\u00ed strany maj\u00ed p\u0159\u00edstup k va\u0161im osobn\u00edm \u00fadaj\u016fm pouze za \u00fa\u010delem pln\u011bn\u00ed t\u011bchto \u00fakol\u016f na\u0161\u00edm jm\u00e9nem a jsou povinny je nezve\u0159ej\u0148ovat ani nepou\u017e\u00edvat k \u017e\u00e1dn\u00e9mu jin\u00e9mu \u00fa\u010delu.<\/p>\n<h2 class=\"fusion-responsive-typography-calculated\" data-fontsize=\"28\" data-lineheight=\"38.08px\">Odkazy na jin\u00e9 weby<\/h2>\n<p>Na\u0161e slu\u017eba m\u016f\u017ee obsahovat odkazy na jin\u00e9 str\u00e1nky, kter\u00e9 nejsou provozov\u00e1ny n\u00e1mi. Pokud kliknete na odkaz t\u0159et\u00ed strany, budete p\u0159esm\u011brov\u00e1ni na str\u00e1nku t\u00e9to t\u0159et\u00ed strany. D\u016frazn\u011b v\u00e1m doporu\u010dujeme si prostudovat z\u00e1sady ochrany osobn\u00edch \u00fadaj\u016f ka\u017ed\u00e9 nav\u0161t\u00edven\u00e9 str\u00e1nky.<\/p>\n<p>Neneseme \u017e\u00e1dnou kontrolu ani odpov\u011bdnost za obsah, z\u00e1sady ochrany osobn\u00edch \u00fadaj\u016f ani postupy jak\u00fdchkoli webov\u00fdch str\u00e1nek nebo slu\u017eeb t\u0159et\u00edch stran.<\/p>\n<h2 class=\"fusion-responsive-typography-calculated\" data-fontsize=\"28\" data-lineheight=\"38.08px\">Ochrana soukrom\u00ed d\u011bt\u00ed<\/h2>\n<p>Na\u0161e slu\u017eba se nezam\u011b\u0159uje na nikoho mlad\u0161\u00edho 18 let (\u201cd\u011bti\u201d).<\/p>\n<p>V\u011bdom\u011b neshroma\u017e\u010fujeme osobn\u011b identifikovateln\u00e9 informace od nikoho mlad\u0161\u00edho 18 let. Pokud jste rodi\u010d nebo opatrovn\u00edk a v\u00edte, \u017ee va\u0161e d\u011bti n\u00e1m poskytly osobn\u00ed \u00fadaje, kontaktujte n\u00e1s. Pokud zjist\u00edme, \u017ee jsme shrom\u00e1\u017edili osobn\u00ed \u00fadaje od d\u011bt\u00ed bez ov\u011b\u0159en\u00ed souhlasu rodi\u010d\u016f, podnikneme kroky k odstran\u011bn\u00ed t\u011bchto informac\u00ed z na\u0161ich server\u016f.<\/p>\n<h2 class=\"fusion-responsive-typography-calculated\" data-fontsize=\"28\" data-lineheight=\"38.08px\">Zm\u011bny tohoto z\u00e1sad ochrany osobn\u00edch \u00fadaj\u016f<\/h2>\n<p>Na\u0161e z\u00e1sady ochrany osobn\u00edch \u00fadaj\u016f m\u016f\u017eeme \u010das od \u010dasu aktualizovat. O jak\u00fdchkoli zm\u011bn\u00e1ch v\u00e1s budeme informovat zve\u0159ejn\u011bn\u00edm nov\u00fdch z\u00e1sad ochrany osobn\u00edch \u00fadaj\u016f na t\u00e9to str\u00e1nce.<\/p>\n<p>Budeme v\u00e1s informovat e-mailem a\/nebo v\u00fdrazn\u00fdm ozn\u00e1men\u00edm na na\u0161ich Slu\u017eb\u00e1ch p\u0159ed t\u00edm, ne\u017e zm\u011bna nabude \u00fa\u010dinnosti, a aktualizujeme datum \u201c\u00fa\u010dinnosti\u201d v horn\u00ed \u010d\u00e1sti tohoto z\u00e1sad ochrany osobn\u00edch \u00fadaj\u016f.<\/p>\n<p>Doporu\u010dujeme v\u00e1m, abyste z\u00e1sady ochrany osobn\u00edch \u00fadaj\u016f pravideln\u011b kontrolovali, zda nedo\u0161lo k p\u0159\u00edpadn\u00fdm zm\u011bn\u00e1m. Zm\u011bny t\u011bchto z\u00e1sad ochrany osobn\u00edch \u00fadaj\u016f jsou platn\u00e9 v okam\u017eiku jejich zve\u0159ejn\u011bn\u00ed na t\u00e9to str\u00e1nce.<\/p>\n<h2 class=\"fusion-responsive-typography-calculated\" data-fontsize=\"28\" data-lineheight=\"38.08px\">Kontaktujte n\u00e1s<\/h2>\n<p>M\u00e1te-li jak\u00e9koli dotazy t\u00fdkaj\u00edc\u00ed se t\u011bchto Z\u00e1sad ochrany osobn\u00edch \u00fadaj\u016f, kontaktujte n\u00e1s:<\/p>\n<ul>\n<li>Emailem: <a class=\"PrimaryLink BaseLink\" href=\"mailto:info@seatoursistria.com\" target=\"_blank\" rel=\"noreferrer noopener\">info@seatoursistria.com<\/a><\/li>\n<li>Telefonn\u00edm \u010d\u00edslem: 00385977819466<\/li>\n<\/ul>","protected":false},"excerpt":{"rendered":"<p>Sea Tours Istria (\u201cus\u201d, \u201cwe\u201d, or \u201cour\u201d) operates the https:\/\/www.seatoursistria.com\/ website (the \u201cService\u201d). This page informs you of our policies regarding the collection, use, and disclosure of personal data when you use our Service and the choices you have associated with that data. Our Privacy Policy for Sea Tours Istria is based on the Free [&hellip;]<\/p>\n","protected":false},"author":1,"featured_media":0,"parent":0,"menu_order":0,"comment_status":"closed","ping_status":"closed","template":"template-compact.php","meta":{"_acf_changed":false,"footnotes":""},"class_list":["post-344","page","type-page","status-publish","hentry"],"acf":[],"_links":{"self":[{"href":"https:\/\/www.seatoursistria.com\/cs\/wp-json\/wp\/v2\/pages\/344","targetHints":{"allow":["GET"]}}],"collection":[{"href":"https:\/\/www.seatoursistria.com\/cs\/wp-json\/wp\/v2\/pages"}],"about":[{"href":"https:\/\/www.seatoursistria.com\/cs\/wp-json\/wp\/v2\/types\/page"}],"author":[{"embeddable":true,"href":"https:\/\/www.seatoursistria.com\/cs\/wp-json\/wp\/v2\/users\/1"}],"replies":[{"embeddable":true,"href":"https:\/\/www.seatoursistria.com\/cs\/wp-json\/wp\/v2\/comments?post=344"}],"version-history":[{"count":6,"href":"https:\/\/www.seatoursistria.com\/cs\/wp-json\/wp\/v2\/pages\/344\/revisions"}],"predecessor-version":[{"id":919,"href":"https:\/\/www.seatoursistria.com\/cs\/wp-json\/wp\/v2\/pages\/344\/revisions\/919"}],"wp:attachment":[{"href":"https:\/\/www.seatoursistria.com\/cs\/wp-json\/wp\/v2\/media?parent=344"}],"curies":[{"name":"wp","href":"https:\/\/api.w.org\/{rel}","templated":true}]}}